{"id":100,"date":"2023-10-30T09:17:18","date_gmt":"2023-10-30T08:17:18","guid":{"rendered":"https:\/\/mersch.done-team.com\/contact\/"},"modified":"2024-01-23T15:54:46","modified_gmt":"2024-01-23T14:54:46","slug":"kontakt","status":"publish","type":"page","link":"https:\/\/mersch.done-team.com\/de\/kontakt\/","title":{"rendered":"Kontakt"},"content":{"rendered":"<div class=\"wpb-content-wrapper\"><p>[vc_section full_width=&#8220;stretch_row&#8220; el_id=&#8220;intro&#8220; css=&#8220;.vc_custom_1698654462199{background: #95c11f url(\/wp-content\/uploads\/2023\/10\/Group-581.png?id=66) !important;}&#8220;][vc_row][vc_column width=&#8220;1\/2&#8243;][vc_column_text]<\/p>\n<h1 class=\"upper\">Kontakt<\/h1>\n<p>[\/vc_column_text][\/vc_column][vc_column width=&#8220;1\/2&#8243;][\/vc_column][\/vc_row][vc_row full_width=&#8220;stretch_row_content_no_spaces&#8220; el_class=&#8220;skew-bot-row skew-bot-row-light&#8220;][vc_column][\/vc_column][\/vc_row][\/vc_section][vc_section full_width=&#8220;stretch_row&#8220; css=&#8220;.vc_custom_1698654473996{background-color: #95c11f !important;}&#8220;][vc_row][vc_column width=&#8220;1\/4&#8243;][\/vc_column][vc_column width=&#8220;1\/2&#8243;]\n<div class=\"wpcf7 no-js\" id=\"wpcf7-f95-o1\" lang=\"en-US\" dir=\"ltr\">\n<div class=\"screen-reader-response\"><p role=\"status\" aria-live=\"polite\" aria-atomic=\"true\"><\/p> <ul><\/ul><\/div>\n<form action=\"\/de\/wp-json\/wp\/v2\/pages\/100#wpcf7-f95-o1\" method=\"post\" class=\"wpcf7-form init\" aria-label=\"Contact form\" novalidate=\"novalidate\" data-status=\"init\">\n<div style=\"display: none;\">\n<input type=\"hidden\" name=\"_wpcf7\" value=\"95\" \/>\n<input type=\"hidden\" name=\"_wpcf7_version\" value=\"5.8.2\" \/>\n<input type=\"hidden\" name=\"_wpcf7_locale\" value=\"en_US\" \/>\n<input type=\"hidden\" name=\"_wpcf7_unit_tag\" value=\"wpcf7-f95-o1\" \/>\n<input type=\"hidden\" name=\"_wpcf7_container_post\" value=\"0\" \/>\n<input type=\"hidden\" name=\"_wpcf7_posted_data_hash\" value=\"\" \/>\n<\/div>\n<div class=\"cf-row\">\n\t<div>\n\t\t<p><label>Anrede *<\/label><span class=\"wpcf7-form-control-wrap\" data-name=\"civility\"><select class=\"wpcf7-form-control wpcf7-select wpcf7-validates-as-required\" aria-required=\"true\" aria-invalid=\"false\" name=\"civility\"><option value=\"H\">H<\/option><option value=\"F\">F<\/option><\/select><\/span>\n\t\t<\/p>\n\t<\/div>\n<\/div>\n<div class=\"cf-row\">\n\t<div>\n\t\t<p><label>Nachname *<\/label><span class=\"wpcf7-form-control-wrap\" data-name=\"your-name\"><input size=\"40\" class=\"wpcf7-form-control wpcf7-text wpcf7-validates-as-required\" aria-required=\"true\" aria-invalid=\"false\" value=\"\" type=\"text\" name=\"your-name\" \/><\/span>\n\t\t<\/p>\n\t<\/div>\n\t<div>\n\t\t<p><label>Vorname *<\/label><span class=\"wpcf7-form-control-wrap\" data-name=\"your-first-name\"><input size=\"40\" class=\"wpcf7-form-control wpcf7-text wpcf7-validates-as-required\" aria-required=\"true\" aria-invalid=\"false\" value=\"\" type=\"text\" name=\"your-first-name\" \/><\/span>\n\t\t<\/p>\n\t<\/div>\n<\/div>\n<div class=\"cf-row\">\n\t<div>\n\t\t<p><label>Email *<\/label><span class=\"wpcf7-form-control-wrap\" data-name=\"your-mail\"><input size=\"40\" class=\"wpcf7-form-control wpcf7-email wpcf7-validates-as-required wpcf7-text wpcf7-validates-as-email\" aria-required=\"true\" aria-invalid=\"false\" value=\"\" type=\"email\" name=\"your-mail\" \/><\/span>\n\t\t<\/p>\n\t<\/div>\n\t<div>\n\t\t<p><label>Telefon<\/label><span class=\"wpcf7-form-control-wrap\" data-name=\"your-tel\"><input size=\"40\" class=\"wpcf7-form-control wpcf7-tel wpcf7-text wpcf7-validates-as-tel\" aria-invalid=\"false\" value=\"\" type=\"tel\" name=\"your-tel\" \/><\/span>\n\t\t<\/p>\n\t<\/div>\n<\/div>\n<div class=\"cf-row\">\n\t<div>\n\t\t<p><label>Ich bin<\/label><span class=\"wpcf7-form-control-wrap\" data-name=\"profession\"><select class=\"wpcf7-form-control wpcf7-select wpcf7-validates-as-required\" aria-required=\"true\" aria-invalid=\"false\" name=\"profession\"><option value=\"Eine Fachperson\">Eine Fachperson<\/option><option value=\"Eine Gemeinde\">Eine Gemeinde<\/option><option value=\"Eine \u00f6ffentliche Einrichtung\">Eine \u00f6ffentliche Einrichtung<\/option><option value=\"Eine Privatperson\">Eine Privatperson<\/option><\/select><\/span>\n\t\t<\/p>\n\t<\/div>\n\t<div>\n\t\t<p><label>Dies betrifft *<\/label><span class=\"wpcf7-form-control-wrap\" data-name=\"your-demand\"><select class=\"wpcf7-form-control wpcf7-select wpcf7-validates-as-required\" aria-required=\"true\" aria-invalid=\"false\" name=\"your-demand\"><option value=\"Anderes\">Anderes<\/option><option value=\"Landschaftsgestaltung\">Landschaftsgestaltung<\/option><option value=\"Raumplanung - Umweltstudie\">Raumplanung - Umweltstudie<\/option><option value=\"Bioingenieurwesen\">Bioingenieurwesen<\/option><\/select><\/span>\n\t\t<\/p>\n\t<\/div>\n<\/div>\n<p><label>Nachricht<\/label><span class=\"wpcf7-form-control-wrap\" data-name=\"your-message\"><textarea cols=\"40\" rows=\"10\" class=\"wpcf7-form-control wpcf7-textarea wpcf7-validates-as-required\" aria-required=\"true\" aria-invalid=\"false\" name=\"your-message\"><\/textarea><\/span>\n<\/p>\n<p><span class=\"wpcf7-form-control-wrap\" data-name=\"legal-check\"><span class=\"wpcf7-form-control wpcf7-checkbox wpcf7-validates-as-required\"><span class=\"wpcf7-list-item first last\"><label><input type=\"checkbox\" name=\"legal-check[]\" value=\"Mit dem Absenden dieses Formulars erkl\u00e4re ich mich damit einverstanden, dass Carlo Mersch die darin enthaltenen pers\u00f6nlichen Daten zur Bearbeitung meiner Bewerbung verwendet. Um Ihre Rechte zu erfahren und auszu\u00fcben, einschlie\u00dflich des Widerrufs der Zustimmung zur Verwendung Ihrer gesammelten Daten, lesen Sie bitte unsere Datenschutzrichtlinie.\" \/><span class=\"wpcf7-list-item-label\">Mit dem Absenden dieses Formulars erkl\u00e4re ich mich damit einverstanden, dass Carlo Mersch die darin enthaltenen pers\u00f6nlichen Daten zur Bearbeitung meiner Bewerbung verwendet. Um Ihre Rechte zu erfahren und auszu\u00fcben, einschlie\u00dflich des Widerrufs der Zustimmung zur Verwendung Ihrer gesammelten Daten, lesen Sie bitte unsere Datenschutzrichtlinie.<\/span><\/label><\/span><\/span><\/span>\n<\/p>\n<p class=\"contact-hint\">*Pflichtfelder\n<\/p>\n<div class=\"wpcf-submit-wrap al-center\">\n\t<p><input class=\"wpcf7-form-control wpcf7-submit has-spinner cta-btn\" type=\"submit\" value=\"Senden\" \/>\n\t<\/p>\n<\/div><div class=\"wpcf7-response-output\" aria-hidden=\"true\"><\/div>\n<\/form>\n<\/div>\n[\/vc_column][vc_column width=&#8220;1\/4&#8243;][\/vc_column][\/vc_row][\/vc_section][vc_section full_width=&#8220;stretch_row&#8220; css=&#8220;.vc_custom_1655370301360{padding-top: 0px !important;}&#8220;][vc_row full_width=&#8220;stretch_row_content_no_spaces&#8220; el_class=&#8220;skew-top-row skew-top-row-light&#8220;][vc_column][\/vc_column][\/vc_row][vc_row el_id=&#8220;contact-info-row&#8220; el_class=&#8220;top-mar-2&#8243;][vc_column width=&#8220;1\/3&#8243;][vc_column_text]<\/p>\n<h3 class=\"upper\"><strong>Kontaktdaten<\/strong><\/h3>\n<p>[\/vc_column_text][vc_column_text el_class=&#8220;contact-details-info&#8220;]4, rue Albert Simon<br \/>\nL-5315 Contern<br \/>\nLuxembourg<\/p>\n<div class=\"contact-link-wrap\"><a href=\"tel:+352263901\"><i class=\"fas fa-mobile-alt\"><span class=\"social-placeholder\">.<\/span><\/i>(+352) 26 39 01<\/a><a href=\"mailto:info@carlo-mersch.lu\"><i class=\"icon-mail-line\"><span class=\"social-placeholder\">.<\/span><\/i>info@carlo-mersch.lu<\/a><a href=\"https:\/\/www.google.com\/maps\/dir\/\/49.5935801,6.214572599999999\" target=\"_blank\" rel=\"nofollow noopener\"><i class=\"fas fa-map-marker-alt\"><span class=\"social-placeholder\">.<\/span><\/i>Route<\/a><\/div>\n<p>[\/vc_column_text][\/vc_column][vc_column width=&#8220;1\/3&#8243;][vc_column_text]<\/p>\n<h3 class=\"upper\"><strong>\u00d6ffnungszeiten<\/strong><\/h3>\n<p>[\/vc_column_text][vc_column_text]Unser B\u00fcro ist <strong>montags bis freitags in der Zeit von 7:00 Uhr bis 17:00 Uhr <\/strong>ge\u00f6ffnet.<\/p>\n<p>Diese \u00d6ffnungszeiten gelten nicht an Feiertagen und w\u00e4hrend des j\u00e4hrlichen Kollektivurlaubs.[\/vc_column_text][\/vc_column][vc_column width=&#8220;1\/3&#8243;][vc_column_text]<\/p>\n<h3 class=\"upper\"><strong>\u00d6ffentliche Verkehrsmittel<\/strong><\/h3>\n<p>[\/vc_column_text][vc_column_text]Konsultieren Sie unseren Anfahrtsplan, um mit \u00f6ffentlichen Verkehrsmitteln zu kommen, oder benutzen Sie den Routenplaner.[\/vc_column_text][vc_btn title=&#8220;Anfahrtsplan ansehen&#8220; align=&#8220;center&#8220; link=&#8220;url:%2Fwp-content%2Fuploads%2F2024%2F01%2FLSC_COM_20230904_CONTERN_Plan_acces_A3_DE-1.pdf|target:_blank&#8220; el_class=&#8220;cta-btn&#8220;][\/vc_column][\/vc_row][\/vc_section]<\/p>\n<\/div>","protected":false},"excerpt":{"rendered":"<p>[vc_section full_width=&#8220;stretch_row&#8220; el_id=&#8220;intro&#8220; css=&#8220;.vc_custom_1698654462199{background: #95c11f url(\/wp-content\/uploads\/2023\/10\/Group-581.png?id=66) !important;}&#8220;][vc_row][vc_column width=&#8220;1\/2&#8243;][vc_column_text] Kontakt [\/vc_column_text][\/vc_column][vc_column width=&#8220;1\/2&#8243;][\/vc_column][\/vc_row][vc_row full_width=&#8220;stretch_row_content_no_spaces&#8220; el_class=&#8220;skew-bot-row skew-bot-row-light&#8220;][vc_column][\/vc_column][\/vc_row][\/vc_section][vc_section full_width=&#8220;stretch_row&#8220; css=&#8220;.vc_custom_1698654473996{background-color: #95c11f !important;}&#8220;][vc_row][vc_column width=&#8220;1\/4&#8243;][\/vc_column][vc_column width=&#8220;1\/2&#8243;][\/vc_column][vc_column width=&#8220;1\/4&#8243;][\/vc_column][\/vc_row][\/vc_section][vc_section full_width=&#8220;stretch_row&#8220; css=&#8220;.vc_custom_1655370301360{padding-top: 0px !important;}&#8220;][vc_row full_width=&#8220;stretch_row_content_no_spaces&#8220;<span class=\"excerpt-hellip\"> [\u2026]<\/span><\/p>\n","protected":false},"author":1,"featured_media":0,"parent":0,"menu_order":0,"comment_status":"closed","ping_status":"closed","template":"","meta":{"footnotes":""},"class_list":["post-100","page","type-page","status-publish","hentry"],"yoast_head":"<!-- This site is optimized with the Yoast SEO plugin v21.4 - https:\/\/yoast.com\/wordpress\/plugins\/seo\/ -->\n<title>Kontakt - Carlo Mersch<\/title>\n<meta name=\"robots\" content=\"noindex, follow, max-snippet:-1, max-image-preview:large, max-video-preview:-1\" \/>\n<meta property=\"og:locale\" content=\"de_DE\" \/>\n<meta property=\"og:type\" content=\"article\" \/>\n<meta property=\"og:title\" content=\"Kontakt - Carlo Mersch\" \/>\n<meta property=\"og:description\" content=\"[vc_section full_width=&#8220;stretch_row&#8220; el_id=&#8220;intro&#8220; css=&#8220;.vc_custom_1698654462199{background: #95c11f url(\/wp-content\/uploads\/2023\/10\/Group-581.png?id=66) !important;}&#8220;][vc_row][vc_column width=&#8220;1\/2&#8243;][vc_column_text] Kontakt [\/vc_column_text][\/vc_column][vc_column width=&#8220;1\/2&#8243;][\/vc_column][\/vc_row][vc_row full_width=&#8220;stretch_row_content_no_spaces&#8220; el_class=&#8220;skew-bot-row skew-bot-row-light&#8220;][vc_column][\/vc_column][\/vc_row][\/vc_section][vc_section full_width=&#8220;stretch_row&#8220; css=&#8220;.vc_custom_1698654473996{background-color: #95c11f !important;}&#8220;][vc_row][vc_column width=&#8220;1\/4&#8243;][\/vc_column][vc_column width=&#8220;1\/2&#8243;][\/vc_column][vc_column width=&#8220;1\/4&#8243;][\/vc_column][\/vc_row][\/vc_section][vc_section full_width=&#8220;stretch_row&#8220; css=&#8220;.vc_custom_1655370301360{padding-top: 0px !important;}&#8220;][vc_row full_width=&#8220;stretch_row_content_no_spaces&#8220; [\u2026]\" \/>\n<meta property=\"og:url\" content=\"https:\/\/mersch.done-team.com\/de\/kontakt\/\" \/>\n<meta property=\"og:site_name\" content=\"Carlo Mersch\" \/>\n<meta property=\"article:modified_time\" content=\"2024-01-23T14:54:46+00:00\" \/>\n<meta name=\"twitter:card\" content=\"summary_large_image\" \/>\n<meta name=\"twitter:label1\" content=\"Gesch\u00e4tzte Lesezeit\" \/>\n\t<meta name=\"twitter:data1\" content=\"1\u00a0Minute\" \/>\n<script type=\"application\/ld+json\" class=\"yoast-schema-graph\">{\"@context\":\"https:\/\/schema.org\",\"@graph\":[{\"@type\":\"WebPage\",\"@id\":\"https:\/\/mersch.done-team.com\/de\/kontakt\/\",\"url\":\"https:\/\/mersch.done-team.com\/de\/kontakt\/\",\"name\":\"Kontakt - Carlo Mersch\",\"isPartOf\":{\"@id\":\"https:\/\/mersch.done-team.com\/#website\"},\"datePublished\":\"2023-10-30T08:17:18+00:00\",\"dateModified\":\"2024-01-23T14:54:46+00:00\",\"breadcrumb\":{\"@id\":\"https:\/\/mersch.done-team.com\/de\/kontakt\/#breadcrumb\"},\"inLanguage\":\"de\",\"potentialAction\":[{\"@type\":\"ReadAction\",\"target\":[\"https:\/\/mersch.done-team.com\/de\/kontakt\/\"]}]},{\"@type\":\"BreadcrumbList\",\"@id\":\"https:\/\/mersch.done-team.com\/de\/kontakt\/#breadcrumb\",\"itemListElement\":[{\"@type\":\"ListItem\",\"position\":1,\"name\":\"Home\",\"item\":\"https:\/\/mersch.done-team.com\/de\/\"},{\"@type\":\"ListItem\",\"position\":2,\"name\":\"Kontakt\"}]},{\"@type\":\"WebSite\",\"@id\":\"https:\/\/mersch.done-team.com\/#website\",\"url\":\"https:\/\/mersch.done-team.com\/\",\"name\":\"Carlo Mersch\",\"description\":\"\",\"inLanguage\":\"de\"}]}<\/script>\n<!-- \/ Yoast SEO plugin. -->","yoast_head_json":{"title":"Kontakt - Carlo Mersch","robots":{"index":"noindex","follow":"follow","max-snippet":"max-snippet:-1","max-image-preview":"max-image-preview:large","max-video-preview":"max-video-preview:-1"},"og_locale":"de_DE","og_type":"article","og_title":"Kontakt - Carlo Mersch","og_description":"[vc_section full_width=&#8220;stretch_row&#8220; el_id=&#8220;intro&#8220; css=&#8220;.vc_custom_1698654462199{background: #95c11f url(\/wp-content\/uploads\/2023\/10\/Group-581.png?id=66) !important;}&#8220;][vc_row][vc_column width=&#8220;1\/2&#8243;][vc_column_text] Kontakt [\/vc_column_text][\/vc_column][vc_column width=&#8220;1\/2&#8243;][\/vc_column][\/vc_row][vc_row full_width=&#8220;stretch_row_content_no_spaces&#8220; el_class=&#8220;skew-bot-row skew-bot-row-light&#8220;][vc_column][\/vc_column][\/vc_row][\/vc_section][vc_section full_width=&#8220;stretch_row&#8220; css=&#8220;.vc_custom_1698654473996{background-color: #95c11f !important;}&#8220;][vc_row][vc_column width=&#8220;1\/4&#8243;][\/vc_column][vc_column width=&#8220;1\/2&#8243;][\/vc_column][vc_column width=&#8220;1\/4&#8243;][\/vc_column][\/vc_row][\/vc_section][vc_section full_width=&#8220;stretch_row&#8220; css=&#8220;.vc_custom_1655370301360{padding-top: 0px !important;}&#8220;][vc_row full_width=&#8220;stretch_row_content_no_spaces&#8220; [\u2026]","og_url":"https:\/\/mersch.done-team.com\/de\/kontakt\/","og_site_name":"Carlo Mersch","article_modified_time":"2024-01-23T14:54:46+00:00","twitter_card":"summary_large_image","twitter_misc":{"Gesch\u00e4tzte Lesezeit":"1\u00a0Minute"},"schema":{"@context":"https:\/\/schema.org","@graph":[{"@type":"WebPage","@id":"https:\/\/mersch.done-team.com\/de\/kontakt\/","url":"https:\/\/mersch.done-team.com\/de\/kontakt\/","name":"Kontakt - Carlo Mersch","isPartOf":{"@id":"https:\/\/mersch.done-team.com\/#website"},"datePublished":"2023-10-30T08:17:18+00:00","dateModified":"2024-01-23T14:54:46+00:00","breadcrumb":{"@id":"https:\/\/mersch.done-team.com\/de\/kontakt\/#breadcrumb"},"inLanguage":"de","potentialAction":[{"@type":"ReadAction","target":["https:\/\/mersch.done-team.com\/de\/kontakt\/"]}]},{"@type":"BreadcrumbList","@id":"https:\/\/mersch.done-team.com\/de\/kontakt\/#breadcrumb","itemListElement":[{"@type":"ListItem","position":1,"name":"Home","item":"https:\/\/mersch.done-team.com\/de\/"},{"@type":"ListItem","position":2,"name":"Kontakt"}]},{"@type":"WebSite","@id":"https:\/\/mersch.done-team.com\/#website","url":"https:\/\/mersch.done-team.com\/","name":"Carlo Mersch","description":"","inLanguage":"de"}]}},"_links":{"self":[{"href":"https:\/\/mersch.done-team.com\/de\/wp-json\/wp\/v2\/pages\/100","targetHints":{"allow":["GET"]}}],"collection":[{"href":"https:\/\/mersch.done-team.com\/de\/wp-json\/wp\/v2\/pages"}],"about":[{"href":"https:\/\/mersch.done-team.com\/de\/wp-json\/wp\/v2\/types\/page"}],"author":[{"embeddable":true,"href":"https:\/\/mersch.done-team.com\/de\/wp-json\/wp\/v2\/users\/1"}],"replies":[{"embeddable":true,"href":"https:\/\/mersch.done-team.com\/de\/wp-json\/wp\/v2\/comments?post=100"}],"version-history":[{"count":4,"href":"https:\/\/mersch.done-team.com\/de\/wp-json\/wp\/v2\/pages\/100\/revisions"}],"predecessor-version":[{"id":1138,"href":"https:\/\/mersch.done-team.com\/de\/wp-json\/wp\/v2\/pages\/100\/revisions\/1138"}],"wp:attachment":[{"href":"https:\/\/mersch.done-team.com\/de\/wp-json\/wp\/v2\/media?parent=100"}],"curies":[{"name":"wp","href":"https:\/\/api.w.org\/{rel}","templated":true}]}}