{"id":1012,"date":"2023-10-30T08:06:19","date_gmt":"2023-10-30T07:06:19","guid":{"rendered":"https:\/\/mersch.done-team.com\/mentions-legales\/"},"modified":"2023-11-30T11:59:16","modified_gmt":"2023-11-30T10:59:16","slug":"privacy-policy","status":"publish","type":"page","link":"https:\/\/mersch.done-team.com\/de\/privacy-policy\/","title":{"rendered":"Privacy policy"},"content":{"rendered":"<div class=\"wpb-content-wrapper\"><p>[vc_section][vc_row][vc_column][vc_column_text]<\/p>\n<h1 class=\"top-mar-3\">Mentions L\u00e9gales<\/h1>\n<p>[\/vc_column_text][\/vc_column][\/vc_row][\/vc_section][vc_section][vc_row][vc_column][vc_column_text]<\/p>\n<h3>Editeur<\/h3>\n<p><strong>Raison sociale <\/strong>: Mersch Ing\u00e9nieurs-Paysagistes SARL<br \/>\n<strong>R.C.S <\/strong>: B198765<br \/>\n<strong>TVA <\/strong>: LU27851433<br \/>\n<strong>Date de Cr\u00e9ation <\/strong>: 29\/06\/2015<\/p>\n<p><strong>Capital <\/strong>: 40 000 \u20ac<br \/>\n<strong>Si\u00e8ge social <\/strong>:  4, rue Albert Simon, L-5315 Contern<br \/>\n<strong>T\u00e9l\u00e9phone <\/strong>: (+352) 26 39 01<\/p>\n<p><strong>Courriel <\/strong>: info@lsc-group.lu<\/p>\n<p>[\/vc_column_text][\/vc_column][\/vc_row][\/vc_section][vc_section][vc_row][vc_column][vc_column_text]<\/p>\n<h3>Conception &amp; r\u00e9alisation, webmaster et h\u00e9bergement<\/h3>\n<p>Le site a \u00e9t\u00e9 con\u00e7u et r\u00e9alis\u00e9 par Done S.\u00e0 r.l.<\/p>\n<p><strong>R.C.S <\/strong>: B0192415<br \/>\n<strong>TVA <\/strong>: LU27317130<br \/>\n<strong>Date de Cr\u00e9ation <\/strong>: 2014<\/p>\n<p><strong>Si\u00e8ge social <\/strong>: 60,rue de Reckange L-3943 Mondercange<br \/>\n<strong>T\u00e9l\u00e9phone <\/strong>: +352 2021103311<\/p>\n<p>[\/vc_column_text][\/vc_column][\/vc_row][\/vc_section][vc_section][vc_row][vc_column][vc_column_text]<\/p>\n<h3>Propri\u00e9t\u00e9 intellectuelle<\/h3>\n<p>Les \u00e9l\u00e9ments figurant au sein du pr\u00e9sent site, tels que sons, images, photographies, vid\u00e9os, \u00e9crits, animations, programmes, charte graphique, utilitaires, bases de donn\u00e9es, logiciels, sont prot\u00e9g\u00e9s par les dispositions du droit de la propri\u00e9t\u00e9 intellectuelle notamment les droits d\u2019auteurs. Ils appartiennent LSC Engineering Group ou \u00e0 l\u2019une de ses filiales : BFH Ingenieure GmbH, BSC Ing\u00e9nieurs-Conseils S.A., Devolux S.A., G\u00e9oconseils S.A., GC Beratende Geotechniker und Geologen GmbH, Geocoptix GmbH, InterAlia S.A., LSC Environmental Engineering S.A., Luxplan S.A., Luxsense geodata S.\u00e0.R.L., Mersch Ing\u00e9nieurs-Paysagistes S.\u00e0.R.L., SC Afrique S.A., SC France S.\u00e0.R.L., Simon-Christiansen &#038; Associ\u00e9s S.A., Zilmplan S.\u00e0.R.L.<\/p>\n<p>L\u2019utilisateur s\u2019interdit de porter atteinte aux droits de propri\u00e9t\u00e9 intellectuelle aff\u00e9rents \u00e0 ces \u00e9l\u00e9ments \u00e0 l\u2019exclusion des actes n\u00e9cessaires \u00e0 leur usage normal et conforme.[\/vc_column_text][\/vc_column][\/vc_row][\/vc_section][vc_section][vc_row][vc_column][vc_column_text]<\/p>\n<h2 class=\"top-mar-1 bot-mar-1\">Politique de confidentialit\u00e9<\/h2>\n<p>[\/vc_column_text][vc_column_text]<\/p>\n<h3>Cookies<\/h3>\n<p>Cliquez ici : <a href=\"\/de\/cookie-policy\/\">\u00ab Politique de cookies \u00bb<\/a><br \/>\n[\/vc_column_text][vc_column_text el_class=&#8220;hidden&#8220;]Pour en savoir plus : \u00ab <a href=\"https:\/\/mersch.done-team.com\/de\/cookie-policy\/\" target=\"_blank\" rel=\"noopener\">Politique de cookies<\/a> \u00bb[\/vc_column_text][\/vc_column][\/vc_row][\/vc_section][vc_section el_class=&#8220;bot-mar-4&#8243;][vc_row][vc_column][vc_column_text]<\/p>\n<h3>Gestion des donn\u00e9es personnelles<\/h3>\n<p>L\u2019utilisateur du pr\u00e9sent site est inform\u00e9 que des donn\u00e9es \u00e0 caract\u00e8re personnel le concernant sont collect\u00e9es et trait\u00e9es.[\/vc_column_text][vc_column_text]L\u2019utilisateur du site est inform\u00e9 que ses donn\u00e9es :<\/p>\n<ul>\n<li>sont collect\u00e9es de mani\u00e8re loyale et licite,<\/li>\n<li>sont collect\u00e9es pour des finalit\u00e9s d\u00e9termin\u00e9es, explicites et l\u00e9gitimes,<\/li>\n<li>ne seront pas trait\u00e9es ult\u00e9rieurement de mani\u00e8re incompatible avec ces finalit\u00e9s,<\/li>\n<li>sont ad\u00e9quates, pertinentes et non excessives au regard des finalit\u00e9s pour lesquelles elles sont collect\u00e9es et de leurs traitements ult\u00e9rieurs,<\/li>\n<li>sont exactes et compl\u00e8tes,<\/li>\n<li>sont conserv\u00e9es sous une forme permettant l\u2019identification des personnes concern\u00e9es pendant une dur\u00e9e qui n\u2019exc\u00e8de pas la dur\u00e9e n\u00e9cessaire aux finalit\u00e9s pour lesquelles elles sont collect\u00e9es et trait\u00e9es.<\/li>\n<\/ul>\n<p>[\/vc_column_text][vc_column_text]<\/p>\n<p><strong>Pour en savoir plus sur la gestion des donn\u00e9es collect\u00e9es par Carlo Mersch veuillez consulter notre politique de protection des donn\u00e9es \u00e0 caract\u00e8re personnel : <a href=\"\/wp-content\/uploads\/2023\/11\/LSC-RGPD-20230309-EKHPolitiqueExterneSiteWebMIP.pdf\" target=\"_blank\" rel=\"nofollow noopener\">cliquez ici <\/a>.<\/strong><\/p>\n<p>[\/vc_column_text][\/vc_column][\/vc_row][\/vc_section]<\/p>\n<\/div>","protected":false},"excerpt":{"rendered":"<p>[vc_section][vc_row][vc_column][vc_column_text] Mentions L\u00e9gales [\/vc_column_text][\/vc_column][\/vc_row][\/vc_section][vc_section][vc_row][vc_column][vc_column_text] Editeur Raison sociale : Mersch Ing\u00e9nieurs-Paysagistes SARL R.C.S : B198765 TVA : LU27851433 Date de Cr\u00e9ation : 29\/06\/2015 Capital : 40 000<span class=\"excerpt-hellip\"> [\u2026]<\/span><\/p>\n","protected":false},"author":1,"featured_media":0,"parent":0,"menu_order":0,"comment_status":"closed","ping_status":"open","template":"","meta":{"footnotes":""},"class_list":["post-1012","page","type-page","status-publish","hentry"],"yoast_head":"<!-- This site is optimized with the Yoast SEO plugin v21.4 - https:\/\/yoast.com\/wordpress\/plugins\/seo\/ -->\n<title>Privacy policy - Carlo Mersch<\/title>\n<meta name=\"robots\" content=\"noindex, follow, max-snippet:-1, max-image-preview:large, max-video-preview:-1\" \/>\n<meta property=\"og:locale\" content=\"de_DE\" \/>\n<meta property=\"og:type\" content=\"article\" \/>\n<meta property=\"og:title\" content=\"Privacy policy - Carlo Mersch\" \/>\n<meta property=\"og:description\" content=\"[vc_section][vc_row][vc_column][vc_column_text] Mentions L\u00e9gales [\/vc_column_text][\/vc_column][\/vc_row][\/vc_section][vc_section][vc_row][vc_column][vc_column_text] Editeur Raison sociale : Mersch Ing\u00e9nieurs-Paysagistes SARL R.C.S : B198765 TVA : LU27851433 Date de Cr\u00e9ation : 29\/06\/2015 Capital : 40 000 [\u2026]\" \/>\n<meta property=\"og:url\" content=\"https:\/\/mersch.done-team.com\/de\/privacy-policy\/\" \/>\n<meta property=\"og:site_name\" content=\"Carlo Mersch\" \/>\n<meta property=\"article:modified_time\" content=\"2023-11-30T10:59:16+00:00\" \/>\n<meta name=\"twitter:card\" content=\"summary_large_image\" \/>\n<meta name=\"twitter:label1\" content=\"Gesch\u00e4tzte Lesezeit\" \/>\n\t<meta name=\"twitter:data1\" content=\"2\u00a0Minuten\" \/>\n<script type=\"application\/ld+json\" class=\"yoast-schema-graph\">{\"@context\":\"https:\/\/schema.org\",\"@graph\":[{\"@type\":\"WebPage\",\"@id\":\"https:\/\/mersch.done-team.com\/de\/privacy-policy\/\",\"url\":\"https:\/\/mersch.done-team.com\/de\/privacy-policy\/\",\"name\":\"Privacy policy - Carlo Mersch\",\"isPartOf\":{\"@id\":\"https:\/\/mersch.done-team.com\/#website\"},\"datePublished\":\"2023-10-30T07:06:19+00:00\",\"dateModified\":\"2023-11-30T10:59:16+00:00\",\"breadcrumb\":{\"@id\":\"https:\/\/mersch.done-team.com\/de\/privacy-policy\/#breadcrumb\"},\"inLanguage\":\"de\",\"potentialAction\":[{\"@type\":\"ReadAction\",\"target\":[\"https:\/\/mersch.done-team.com\/de\/privacy-policy\/\"]}]},{\"@type\":\"BreadcrumbList\",\"@id\":\"https:\/\/mersch.done-team.com\/de\/privacy-policy\/#breadcrumb\",\"itemListElement\":[{\"@type\":\"ListItem\",\"position\":1,\"name\":\"Home\",\"item\":\"https:\/\/mersch.done-team.com\/de\/\"},{\"@type\":\"ListItem\",\"position\":2,\"name\":\"Privacy policy\"}]},{\"@type\":\"WebSite\",\"@id\":\"https:\/\/mersch.done-team.com\/#website\",\"url\":\"https:\/\/mersch.done-team.com\/\",\"name\":\"Carlo Mersch\",\"description\":\"\",\"inLanguage\":\"de\"}]}<\/script>\n<!-- \/ Yoast SEO plugin. -->","yoast_head_json":{"title":"Privacy policy - Carlo Mersch","robots":{"index":"noindex","follow":"follow","max-snippet":"max-snippet:-1","max-image-preview":"max-image-preview:large","max-video-preview":"max-video-preview:-1"},"og_locale":"de_DE","og_type":"article","og_title":"Privacy policy - Carlo Mersch","og_description":"[vc_section][vc_row][vc_column][vc_column_text] Mentions L\u00e9gales [\/vc_column_text][\/vc_column][\/vc_row][\/vc_section][vc_section][vc_row][vc_column][vc_column_text] Editeur Raison sociale : Mersch Ing\u00e9nieurs-Paysagistes SARL R.C.S : B198765 TVA : LU27851433 Date de Cr\u00e9ation : 29\/06\/2015 Capital : 40 000 [\u2026]","og_url":"https:\/\/mersch.done-team.com\/de\/privacy-policy\/","og_site_name":"Carlo Mersch","article_modified_time":"2023-11-30T10:59:16+00:00","twitter_card":"summary_large_image","twitter_misc":{"Gesch\u00e4tzte Lesezeit":"2\u00a0Minuten"},"schema":{"@context":"https:\/\/schema.org","@graph":[{"@type":"WebPage","@id":"https:\/\/mersch.done-team.com\/de\/privacy-policy\/","url":"https:\/\/mersch.done-team.com\/de\/privacy-policy\/","name":"Privacy policy - Carlo Mersch","isPartOf":{"@id":"https:\/\/mersch.done-team.com\/#website"},"datePublished":"2023-10-30T07:06:19+00:00","dateModified":"2023-11-30T10:59:16+00:00","breadcrumb":{"@id":"https:\/\/mersch.done-team.com\/de\/privacy-policy\/#breadcrumb"},"inLanguage":"de","potentialAction":[{"@type":"ReadAction","target":["https:\/\/mersch.done-team.com\/de\/privacy-policy\/"]}]},{"@type":"BreadcrumbList","@id":"https:\/\/mersch.done-team.com\/de\/privacy-policy\/#breadcrumb","itemListElement":[{"@type":"ListItem","position":1,"name":"Home","item":"https:\/\/mersch.done-team.com\/de\/"},{"@type":"ListItem","position":2,"name":"Privacy policy"}]},{"@type":"WebSite","@id":"https:\/\/mersch.done-team.com\/#website","url":"https:\/\/mersch.done-team.com\/","name":"Carlo Mersch","description":"","inLanguage":"de"}]}},"_links":{"self":[{"href":"https:\/\/mersch.done-team.com\/de\/wp-json\/wp\/v2\/pages\/1012","targetHints":{"allow":["GET"]}}],"collection":[{"href":"https:\/\/mersch.done-team.com\/de\/wp-json\/wp\/v2\/pages"}],"about":[{"href":"https:\/\/mersch.done-team.com\/de\/wp-json\/wp\/v2\/types\/page"}],"author":[{"embeddable":true,"href":"https:\/\/mersch.done-team.com\/de\/wp-json\/wp\/v2\/users\/1"}],"replies":[{"embeddable":true,"href":"https:\/\/mersch.done-team.com\/de\/wp-json\/wp\/v2\/comments?post=1012"}],"version-history":[{"count":1,"href":"https:\/\/mersch.done-team.com\/de\/wp-json\/wp\/v2\/pages\/1012\/revisions"}],"predecessor-version":[{"id":1013,"href":"https:\/\/mersch.done-team.com\/de\/wp-json\/wp\/v2\/pages\/1012\/revisions\/1013"}],"wp:attachment":[{"href":"https:\/\/mersch.done-team.com\/de\/wp-json\/wp\/v2\/media?parent=1012"}],"curies":[{"name":"wp","href":"https:\/\/api.w.org\/{rel}","templated":true}]}}