{"id":120,"date":"2023-10-30T09:17:33","date_gmt":"2023-10-30T08:17:33","guid":{"rendered":"https:\/\/mersch.done-team.com\/jobs\/"},"modified":"2023-10-30T10:26:48","modified_gmt":"2023-10-30T09:26:48","slug":"jobs","status":"publish","type":"page","link":"https:\/\/mersch.done-team.com\/de\/jobs\/","title":{"rendered":"Jobs"},"content":{"rendered":"<div class=\"wpb-content-wrapper\"><p>[vc_section full_width=&#8220;stretch_row&#8220; el_id=&#8220;intro&#8220; css=&#8220;.vc_custom_1698657782346{background: #95c11f url(\/wp-content\/uploads\/2023\/10\/Group-610.png?id=104) !important;}&#8220;][vc_row][vc_column][vc_row_inner][vc_column_inner width=&#8220;1\/2&#8243;][vc_column_text]<\/p>\n<h1 class=\"upper\">Stellenangebote<\/h1>\n<p>Finden Sie alle Stellenangebote von Carlo Mersch und werden Sie Teil unseres Teams, indem Sie sich online bewerben.[\/vc_column_text][\/vc_column_inner][vc_column_inner width=&#8220;1\/2&#8243;][\/vc_column_inner][\/vc_row_inner][\/vc_column][\/vc_row][vc_row full_width=&#8220;stretch_row_content_no_spaces&#8220; el_class=&#8220;skew-bot-row skew-bot-row-light&#8220;][vc_column][\/vc_column][\/vc_row][\/vc_section][vc_section full_width=&#8220;stretch_row&#8220; el_id=&#8220;jobs-sec&#8220; css=&#8220;.vc_custom_1698657862061{background-color: #95C11F !important;}&#8220; el_class=&#8220;jobs-sec-overview&#8220;][vc_row][vc_column][vc_column_text]<h4 class=\"al-center\" id=\"job-na-text\">Unser Team ist momentan vollst\u00e4ndig. Bitte besuchen Sie unsere Seite regelm\u00e4\u00dfig, um sich \u00fcber unsere Stellenausschreibungen auf dem Laufenden zu halten.<\/h4>[\/vc_column_text][\/vc_column][\/vc_row][vc_row el_class=&#8220;single-job-hide&#8220;][vc_column][vc_btn title=&#8220;Weitere Stellenangebote&#8220; align=&#8220;center&#8220; link=&#8220;url:%2Fde%2Fstellenangebote%2F|title:Stellenangebote&#8220; el_class=&#8220;cta-btn cta-btn-white&#8220;][\/vc_column][\/vc_row][vc_row full_width=&#8220;stretch_row_content&#8220; disable_element=&#8220;yes&#8220; el_class=&#8220;skew-bot-row skew-bot-row-white&#8220;][vc_column][\/vc_column][\/vc_row][\/vc_section]<\/p>\n<\/div>","protected":false},"excerpt":{"rendered":"<p>[vc_section full_width=&#8220;stretch_row&#8220; el_id=&#8220;intro&#8220; css=&#8220;.vc_custom_1698657782346{background: #95c11f url(\/wp-content\/uploads\/2023\/10\/Group-610.png?id=104) !important;}&#8220;][vc_row][vc_column][vc_row_inner][vc_column_inner width=&#8220;1\/2&#8243;][vc_column_text] Stellenangebote Finden Sie alle Stellenangebote von Carlo Mersch und werden Sie Teil unseres Teams, indem Sie sich online<span class=\"excerpt-hellip\"> [\u2026]<\/span><\/p>\n","protected":false},"author":1,"featured_media":0,"parent":0,"menu_order":0,"comment_status":"closed","ping_status":"closed","template":"","meta":{"footnotes":""},"class_list":["post-120","page","type-page","status-publish","hentry"],"yoast_head":"<!-- This site is optimized with the Yoast SEO plugin v21.4 - https:\/\/yoast.com\/wordpress\/plugins\/seo\/ -->\n<title>Jobs - Carlo Mersch<\/title>\n<meta name=\"robots\" content=\"noindex, follow, max-snippet:-1, max-image-preview:large, max-video-preview:-1\" \/>\n<meta property=\"og:locale\" content=\"de_DE\" \/>\n<meta property=\"og:type\" content=\"article\" \/>\n<meta property=\"og:title\" content=\"Jobs - Carlo Mersch\" \/>\n<meta property=\"og:description\" content=\"[vc_section full_width=&#8220;stretch_row&#8220; el_id=&#8220;intro&#8220; css=&#8220;.vc_custom_1698657782346{background: #95c11f url(\/wp-content\/uploads\/2023\/10\/Group-610.png?id=104) !important;}&#8220;][vc_row][vc_column][vc_row_inner][vc_column_inner width=&#8220;1\/2&#8243;][vc_column_text] Stellenangebote Finden Sie alle Stellenangebote von Carlo Mersch und werden Sie Teil unseres Teams, indem Sie sich online [\u2026]\" \/>\n<meta property=\"og:url\" content=\"https:\/\/mersch.done-team.com\/de\/jobs\/\" \/>\n<meta property=\"og:site_name\" content=\"Carlo Mersch\" \/>\n<meta property=\"article:modified_time\" content=\"2023-10-30T09:26:48+00:00\" \/>\n<meta name=\"twitter:card\" content=\"summary_large_image\" \/>\n<meta name=\"twitter:label1\" content=\"Gesch\u00e4tzte Lesezeit\" \/>\n\t<meta name=\"twitter:data1\" content=\"1\u00a0Minute\" \/>\n<script type=\"application\/ld+json\" class=\"yoast-schema-graph\">{\"@context\":\"https:\/\/schema.org\",\"@graph\":[{\"@type\":\"WebPage\",\"@id\":\"https:\/\/mersch.done-team.com\/de\/jobs\/\",\"url\":\"https:\/\/mersch.done-team.com\/de\/jobs\/\",\"name\":\"Jobs - Carlo Mersch\",\"isPartOf\":{\"@id\":\"https:\/\/mersch.done-team.com\/#website\"},\"datePublished\":\"2023-10-30T08:17:33+00:00\",\"dateModified\":\"2023-10-30T09:26:48+00:00\",\"breadcrumb\":{\"@id\":\"https:\/\/mersch.done-team.com\/de\/jobs\/#breadcrumb\"},\"inLanguage\":\"de\",\"potentialAction\":[{\"@type\":\"ReadAction\",\"target\":[\"https:\/\/mersch.done-team.com\/de\/jobs\/\"]}]},{\"@type\":\"BreadcrumbList\",\"@id\":\"https:\/\/mersch.done-team.com\/de\/jobs\/#breadcrumb\",\"itemListElement\":[{\"@type\":\"ListItem\",\"position\":1,\"name\":\"Home\",\"item\":\"https:\/\/mersch.done-team.com\/de\/\"},{\"@type\":\"ListItem\",\"position\":2,\"name\":\"Jobs\"}]},{\"@type\":\"WebSite\",\"@id\":\"https:\/\/mersch.done-team.com\/#website\",\"url\":\"https:\/\/mersch.done-team.com\/\",\"name\":\"Carlo Mersch\",\"description\":\"\",\"inLanguage\":\"de\"}]}<\/script>\n<!-- \/ Yoast SEO plugin. -->","yoast_head_json":{"title":"Jobs - Carlo Mersch","robots":{"index":"noindex","follow":"follow","max-snippet":"max-snippet:-1","max-image-preview":"max-image-preview:large","max-video-preview":"max-video-preview:-1"},"og_locale":"de_DE","og_type":"article","og_title":"Jobs - Carlo Mersch","og_description":"[vc_section full_width=&#8220;stretch_row&#8220; el_id=&#8220;intro&#8220; css=&#8220;.vc_custom_1698657782346{background: #95c11f url(\/wp-content\/uploads\/2023\/10\/Group-610.png?id=104) !important;}&#8220;][vc_row][vc_column][vc_row_inner][vc_column_inner width=&#8220;1\/2&#8243;][vc_column_text] Stellenangebote Finden Sie alle Stellenangebote von Carlo Mersch und werden Sie Teil unseres Teams, indem Sie sich online [\u2026]","og_url":"https:\/\/mersch.done-team.com\/de\/jobs\/","og_site_name":"Carlo Mersch","article_modified_time":"2023-10-30T09:26:48+00:00","twitter_card":"summary_large_image","twitter_misc":{"Gesch\u00e4tzte Lesezeit":"1\u00a0Minute"},"schema":{"@context":"https:\/\/schema.org","@graph":[{"@type":"WebPage","@id":"https:\/\/mersch.done-team.com\/de\/jobs\/","url":"https:\/\/mersch.done-team.com\/de\/jobs\/","name":"Jobs - Carlo Mersch","isPartOf":{"@id":"https:\/\/mersch.done-team.com\/#website"},"datePublished":"2023-10-30T08:17:33+00:00","dateModified":"2023-10-30T09:26:48+00:00","breadcrumb":{"@id":"https:\/\/mersch.done-team.com\/de\/jobs\/#breadcrumb"},"inLanguage":"de","potentialAction":[{"@type":"ReadAction","target":["https:\/\/mersch.done-team.com\/de\/jobs\/"]}]},{"@type":"BreadcrumbList","@id":"https:\/\/mersch.done-team.com\/de\/jobs\/#breadcrumb","itemListElement":[{"@type":"ListItem","position":1,"name":"Home","item":"https:\/\/mersch.done-team.com\/de\/"},{"@type":"ListItem","position":2,"name":"Jobs"}]},{"@type":"WebSite","@id":"https:\/\/mersch.done-team.com\/#website","url":"https:\/\/mersch.done-team.com\/","name":"Carlo Mersch","description":"","inLanguage":"de"}]}},"_links":{"self":[{"href":"https:\/\/mersch.done-team.com\/de\/wp-json\/wp\/v2\/pages\/120","targetHints":{"allow":["GET"]}}],"collection":[{"href":"https:\/\/mersch.done-team.com\/de\/wp-json\/wp\/v2\/pages"}],"about":[{"href":"https:\/\/mersch.done-team.com\/de\/wp-json\/wp\/v2\/types\/page"}],"author":[{"embeddable":true,"href":"https:\/\/mersch.done-team.com\/de\/wp-json\/wp\/v2\/users\/1"}],"replies":[{"embeddable":true,"href":"https:\/\/mersch.done-team.com\/de\/wp-json\/wp\/v2\/comments?post=120"}],"version-history":[{"count":1,"href":"https:\/\/mersch.done-team.com\/de\/wp-json\/wp\/v2\/pages\/120\/revisions"}],"predecessor-version":[{"id":121,"href":"https:\/\/mersch.done-team.com\/de\/wp-json\/wp\/v2\/pages\/120\/revisions\/121"}],"wp:attachment":[{"href":"https:\/\/mersch.done-team.com\/de\/wp-json\/wp\/v2\/media?parent=120"}],"curies":[{"name":"wp","href":"https:\/\/api.w.org\/{rel}","templated":true}]}}