{"id":123,"date":"2023-10-30T09:17:49","date_gmt":"2023-10-30T08:17:49","guid":{"rendered":"https:\/\/mersch.done-team.com\/nos-activites\/"},"modified":"2023-10-30T11:58:00","modified_gmt":"2023-10-30T10:58:00","slug":"taetigkeitsfelder","status":"publish","type":"page","link":"https:\/\/mersch.done-team.com\/de\/taetigkeitsfelder\/","title":{"rendered":"T\u00e4tigkeitsfelder"},"content":{"rendered":"<div class=\"wpb-content-wrapper\"><p>[vc_section full_width=&#8220;stretch_row&#8220; el_id=&#8220;intro&#8220; css=&#8220;.vc_custom_1698663123665{background-image: url(\/wp-content\/uploads\/2023\/10\/Group-610-1.png?id=224) !important;}&#8220;][vc_row][vc_column width=&#8220;1\/2&#8243;][vc_column_text]<\/p>\n<h1 class=\"upper\">T\u00e4tigkeitsfelder<\/h1>\n<p>[\/vc_column_text][\/vc_column][vc_column width=&#8220;1\/2&#8243;][\/vc_column][\/vc_row][vc_row full_width=&#8220;stretch_row_content_no_spaces&#8220; disable_element=&#8220;yes&#8220; el_class=&#8220;skew-bot-row skew-bot-row-dark&#8220;][vc_column][\/vc_column][\/vc_row][\/vc_section][vc_section el_id=&#8220;activity-sec&#8220; css=&#8220;.vc_custom_1652790355704{padding-top: 0px !important;}&#8220; el_class=&#8220;top-mar-4&#8243;][vc_row full_width=&#8220;stretch_row_content_no_spaces&#8220; disable_element=&#8220;yes&#8220; el_class=&#8220;skew-bot-row skew-top-row-dark&#8220;][vc_column][\/vc_column][\/vc_row][vc_row equal_height=&#8220;yes&#8220; el_class=&#8220;activity-grid-row top-mar-4&#8243;][vc_column width=&#8220;1\/3&#8243;][vc_single_image image=&#8220;131&#8243; img_size=&#8220;full&#8220; alignment=&#8220;center&#8220; onclick=&#8220;custom_link&#8220; link=&#8220;\/de\/taetigkeitsfelder\/landschaftsgestaltung\/&#8220;][vc_column_text el_class=&#8220;activity-overlay&#8220; el_id=&#8220;activity-overlay-0&#8243;]<a class=\"activity-overlay-link\" href=\"\/de\/taetigkeitsfelder\/landschaftsgestaltung\/\"><span class=\"activity-overlay-inner-text\">Von der ersten Skizze bis zur Bauleitung realisiert das B\u00fcro Mersch Ing\u00e9nieurs-paysagistes Landschaftsgestaltungen f\u00fcr \u00f6ffentliche und private Akteure.<\/span><\/a>[\/vc_column_text][vc_column_text el_class=&#8220;activity-grid-title upper&#8220;]<\/p>\n<h4><a href=\"\/de\/taetigkeitsfelder\/landschaftsgestaltung\/\">Landschaftsgestaltung<\/a><\/h4>\n<p>[\/vc_column_text][vc_column_text el_class=&#8220;activity-overlay-mob&#8220;]<a href=\"\/de\/taetigkeitsfelder\/landschaftsgestaltung\/\"><span class=\"activity-overlay-inner-text\">Von der ersten Skizze bis zur Bauleitung realisiert das B\u00fcro Mersch Ing\u00e9nieurs-paysagistes Landschaftsgestaltungen f\u00fcr \u00f6ffentliche und private Akteure.<\/span><\/a>[\/vc_column_text][\/vc_column][vc_column width=&#8220;1\/3&#8243;][vc_single_image image=&#8220;174&#8243; img_size=&#8220;full&#8220; alignment=&#8220;center&#8220; onclick=&#8220;custom_link&#8220; link=&#8220;\/de\/taetigkeitsfelder\/raumplanung-umweltstudie\/&#8220;][vc_column_text el_class=&#8220;activity-overlay&#8220; el_id=&#8220;activity-overlay-1&#8243;]<a class=\"activity-overlay-link\" href=\"\/de\/taetigkeitsfelder\/raumplanung-umweltstudie\/\"><span class=\"activity-overlay-inner-text\">Das B\u00fcro Mersch Ing\u00e9nieurs-Paysagistes ist beim Ministerium f\u00fcr Umwelt, Klima und nachhaltige Entwicklung zugelassen&#8230;<\/span><\/a>[\/vc_column_text][vc_column_text el_class=&#8220;activity-grid-title upper&#8220;]<\/p>\n<h4><a href=\"\/de\/taetigkeitsfelder\/raumplanung-umweltstudie\/\">Raumplanung &#8211; Umweltstudie<\/a><\/h4>\n<p>[\/vc_column_text][vc_column_text el_class=&#8220;activity-overlay-mob&#8220;]<a href=\"\/de\/taetigkeitsfelder\/raumplanung-umweltstudie\/\"><span class=\"activity-overlay-inner-text\">Das B\u00fcro Mersch Ing\u00e9nieurs-Paysagistes ist beim Ministerium f\u00fcr Umwelt, Klima und nachhaltige Entwicklung zugelassen&#8230;<\/span><\/a>[\/vc_column_text][\/vc_column][vc_column width=&#8220;1\/3&#8243;][vc_single_image image=&#8220;199&#8243; img_size=&#8220;full&#8220; alignment=&#8220;center&#8220; onclick=&#8220;custom_link&#8220; link=&#8220;\/de\/taetigkeitsfelder\/bioingenieurwesen\/&#8220;][vc_column_text el_class=&#8220;activity-overlay activity-overlay-white&#8220; el_id=&#8220;activity-overlay-2&#8243;]<a class=\"activity-overlay-link\" href=\"\/de\/taetigkeitsfelder\/bioingenieurwesen\/\"><span class=\"activity-overlay-inner-text\">Expertise des B\u00fcros in der Kenntnis der nat\u00fcrlichen Lebensr\u00e4ume (Feuchtgebiete, Wasserl\u00e4ufe, Grasland, Wiesen, Waldlandschaften) und ihrer Biodiversit\u00e4t in Luxemburg.<\/span><\/a>[\/vc_column_text][vc_column_text el_class=&#8220;activity-grid-title upper&#8220;]<\/p>\n<h4><a href=\"\/de\/taetigkeitsfelder\/bioingenieurwesen\/\">Bioingenieurwesen<\/a><\/h4>\n<p>[\/vc_column_text][vc_column_text el_class=&#8220;activity-overlay-mob&#8220;]<a href=\"\/de\/taetigkeitsfelder\/bioingenieurwesen\/\"><span class=\"activity-overlay-inner-text\">Expertise des B\u00fcros in der Kenntnis der nat\u00fcrlichen Lebensr\u00e4ume (Feuchtgebiete, Wasserl\u00e4ufe, Grasland, Wiesen, Waldlandschaften) und ihrer Biodiversit\u00e4t in Luxemburg.<\/span><\/a>[\/vc_column_text][\/vc_column][\/vc_row][\/vc_section]<\/p>\n<\/div>","protected":false},"excerpt":{"rendered":"<p>[vc_section full_width=&#8220;stretch_row&#8220; el_id=&#8220;intro&#8220; css=&#8220;.vc_custom_1698663123665{background-image: url(\/wp-content\/uploads\/2023\/10\/Group-610-1.png?id=224) !important;}&#8220;][vc_row][vc_column width=&#8220;1\/2&#8243;][vc_column_text] T\u00e4tigkeitsfelder [\/vc_column_text][\/vc_column][vc_column width=&#8220;1\/2&#8243;][\/vc_column][\/vc_row][vc_row full_width=&#8220;stretch_row_content_no_spaces&#8220; disable_element=&#8220;yes&#8220; el_class=&#8220;skew-bot-row skew-bot-row-dark&#8220;][vc_column][\/vc_column][\/vc_row][\/vc_section][vc_section el_id=&#8220;activity-sec&#8220; css=&#8220;.vc_custom_1652790355704{padding-top: 0px !important;}&#8220; el_class=&#8220;top-mar-4&#8243;][vc_row full_width=&#8220;stretch_row_content_no_spaces&#8220; disable_element=&#8220;yes&#8220; el_class=&#8220;skew-bot-row skew-top-row-dark&#8220;][vc_column][\/vc_column][\/vc_row][vc_row equal_height=&#8220;yes&#8220; el_class=&#8220;activity-grid-row top-mar-4&#8243;][vc_column<span class=\"excerpt-hellip\"> [\u2026]<\/span><\/p>\n","protected":false},"author":1,"featured_media":0,"parent":0,"menu_order":0,"comment_status":"closed","ping_status":"closed","template":"","meta":{"footnotes":""},"class_list":["post-123","page","type-page","status-publish","hentry"],"yoast_head":"<!-- This site is optimized with the Yoast SEO plugin v21.4 - https:\/\/yoast.com\/wordpress\/plugins\/seo\/ -->\n<title>T\u00e4tigkeitsfelder - Carlo Mersch<\/title>\n<meta name=\"robots\" content=\"noindex, follow, max-snippet:-1, max-image-preview:large, max-video-preview:-1\" \/>\n<meta property=\"og:locale\" content=\"de_DE\" \/>\n<meta property=\"og:type\" content=\"article\" \/>\n<meta property=\"og:title\" content=\"T\u00e4tigkeitsfelder - Carlo Mersch\" \/>\n<meta property=\"og:description\" content=\"[vc_section full_width=&#8220;stretch_row&#8220; el_id=&#8220;intro&#8220; css=&#8220;.vc_custom_1698663123665{background-image: url(\/wp-content\/uploads\/2023\/10\/Group-610-1.png?id=224) !important;}&#8220;][vc_row][vc_column width=&#8220;1\/2&#8243;][vc_column_text] T\u00e4tigkeitsfelder [\/vc_column_text][\/vc_column][vc_column width=&#8220;1\/2&#8243;][\/vc_column][\/vc_row][vc_row full_width=&#8220;stretch_row_content_no_spaces&#8220; disable_element=&#8220;yes&#8220; el_class=&#8220;skew-bot-row skew-bot-row-dark&#8220;][vc_column][\/vc_column][\/vc_row][\/vc_section][vc_section el_id=&#8220;activity-sec&#8220; css=&#8220;.vc_custom_1652790355704{padding-top: 0px !important;}&#8220; el_class=&#8220;top-mar-4&#8243;][vc_row full_width=&#8220;stretch_row_content_no_spaces&#8220; disable_element=&#8220;yes&#8220; el_class=&#8220;skew-bot-row skew-top-row-dark&#8220;][vc_column][\/vc_column][\/vc_row][vc_row equal_height=&#8220;yes&#8220; el_class=&#8220;activity-grid-row top-mar-4&#8243;][vc_column [\u2026]\" \/>\n<meta property=\"og:url\" content=\"https:\/\/mersch.done-team.com\/de\/taetigkeitsfelder\/\" \/>\n<meta property=\"og:site_name\" content=\"Carlo Mersch\" \/>\n<meta property=\"article:modified_time\" content=\"2023-10-30T10:58:00+00:00\" \/>\n<meta name=\"twitter:card\" content=\"summary_large_image\" \/>\n<meta name=\"twitter:label1\" content=\"Gesch\u00e4tzte Lesezeit\" \/>\n\t<meta name=\"twitter:data1\" content=\"1\u00a0Minute\" \/>\n<script type=\"application\/ld+json\" class=\"yoast-schema-graph\">{\"@context\":\"https:\/\/schema.org\",\"@graph\":[{\"@type\":\"WebPage\",\"@id\":\"https:\/\/mersch.done-team.com\/de\/taetigkeitsfelder\/\",\"url\":\"https:\/\/mersch.done-team.com\/de\/taetigkeitsfelder\/\",\"name\":\"T\u00e4tigkeitsfelder - Carlo Mersch\",\"isPartOf\":{\"@id\":\"https:\/\/mersch.done-team.com\/#website\"},\"datePublished\":\"2023-10-30T08:17:49+00:00\",\"dateModified\":\"2023-10-30T10:58:00+00:00\",\"breadcrumb\":{\"@id\":\"https:\/\/mersch.done-team.com\/de\/taetigkeitsfelder\/#breadcrumb\"},\"inLanguage\":\"de\",\"potentialAction\":[{\"@type\":\"ReadAction\",\"target\":[\"https:\/\/mersch.done-team.com\/de\/taetigkeitsfelder\/\"]}]},{\"@type\":\"BreadcrumbList\",\"@id\":\"https:\/\/mersch.done-team.com\/de\/taetigkeitsfelder\/#breadcrumb\",\"itemListElement\":[{\"@type\":\"ListItem\",\"position\":1,\"name\":\"Home\",\"item\":\"https:\/\/mersch.done-team.com\/de\/\"},{\"@type\":\"ListItem\",\"position\":2,\"name\":\"T\u00e4tigkeitsfelder\"}]},{\"@type\":\"WebSite\",\"@id\":\"https:\/\/mersch.done-team.com\/#website\",\"url\":\"https:\/\/mersch.done-team.com\/\",\"name\":\"Carlo Mersch\",\"description\":\"\",\"inLanguage\":\"de\"}]}<\/script>\n<!-- \/ Yoast SEO plugin. -->","yoast_head_json":{"title":"T\u00e4tigkeitsfelder - Carlo Mersch","robots":{"index":"noindex","follow":"follow","max-snippet":"max-snippet:-1","max-image-preview":"max-image-preview:large","max-video-preview":"max-video-preview:-1"},"og_locale":"de_DE","og_type":"article","og_title":"T\u00e4tigkeitsfelder - Carlo Mersch","og_description":"[vc_section full_width=&#8220;stretch_row&#8220; el_id=&#8220;intro&#8220; css=&#8220;.vc_custom_1698663123665{background-image: url(\/wp-content\/uploads\/2023\/10\/Group-610-1.png?id=224) !important;}&#8220;][vc_row][vc_column width=&#8220;1\/2&#8243;][vc_column_text] T\u00e4tigkeitsfelder [\/vc_column_text][\/vc_column][vc_column width=&#8220;1\/2&#8243;][\/vc_column][\/vc_row][vc_row full_width=&#8220;stretch_row_content_no_spaces&#8220; disable_element=&#8220;yes&#8220; el_class=&#8220;skew-bot-row skew-bot-row-dark&#8220;][vc_column][\/vc_column][\/vc_row][\/vc_section][vc_section el_id=&#8220;activity-sec&#8220; css=&#8220;.vc_custom_1652790355704{padding-top: 0px !important;}&#8220; el_class=&#8220;top-mar-4&#8243;][vc_row full_width=&#8220;stretch_row_content_no_spaces&#8220; disable_element=&#8220;yes&#8220; el_class=&#8220;skew-bot-row skew-top-row-dark&#8220;][vc_column][\/vc_column][\/vc_row][vc_row equal_height=&#8220;yes&#8220; el_class=&#8220;activity-grid-row top-mar-4&#8243;][vc_column [\u2026]","og_url":"https:\/\/mersch.done-team.com\/de\/taetigkeitsfelder\/","og_site_name":"Carlo Mersch","article_modified_time":"2023-10-30T10:58:00+00:00","twitter_card":"summary_large_image","twitter_misc":{"Gesch\u00e4tzte Lesezeit":"1\u00a0Minute"},"schema":{"@context":"https:\/\/schema.org","@graph":[{"@type":"WebPage","@id":"https:\/\/mersch.done-team.com\/de\/taetigkeitsfelder\/","url":"https:\/\/mersch.done-team.com\/de\/taetigkeitsfelder\/","name":"T\u00e4tigkeitsfelder - Carlo Mersch","isPartOf":{"@id":"https:\/\/mersch.done-team.com\/#website"},"datePublished":"2023-10-30T08:17:49+00:00","dateModified":"2023-10-30T10:58:00+00:00","breadcrumb":{"@id":"https:\/\/mersch.done-team.com\/de\/taetigkeitsfelder\/#breadcrumb"},"inLanguage":"de","potentialAction":[{"@type":"ReadAction","target":["https:\/\/mersch.done-team.com\/de\/taetigkeitsfelder\/"]}]},{"@type":"BreadcrumbList","@id":"https:\/\/mersch.done-team.com\/de\/taetigkeitsfelder\/#breadcrumb","itemListElement":[{"@type":"ListItem","position":1,"name":"Home","item":"https:\/\/mersch.done-team.com\/de\/"},{"@type":"ListItem","position":2,"name":"T\u00e4tigkeitsfelder"}]},{"@type":"WebSite","@id":"https:\/\/mersch.done-team.com\/#website","url":"https:\/\/mersch.done-team.com\/","name":"Carlo Mersch","description":"","inLanguage":"de"}]}},"_links":{"self":[{"href":"https:\/\/mersch.done-team.com\/de\/wp-json\/wp\/v2\/pages\/123","targetHints":{"allow":["GET"]}}],"collection":[{"href":"https:\/\/mersch.done-team.com\/de\/wp-json\/wp\/v2\/pages"}],"about":[{"href":"https:\/\/mersch.done-team.com\/de\/wp-json\/wp\/v2\/types\/page"}],"author":[{"embeddable":true,"href":"https:\/\/mersch.done-team.com\/de\/wp-json\/wp\/v2\/users\/1"}],"replies":[{"embeddable":true,"href":"https:\/\/mersch.done-team.com\/de\/wp-json\/wp\/v2\/comments?post=123"}],"version-history":[{"count":4,"href":"https:\/\/mersch.done-team.com\/de\/wp-json\/wp\/v2\/pages\/123\/revisions"}],"predecessor-version":[{"id":229,"href":"https:\/\/mersch.done-team.com\/de\/wp-json\/wp\/v2\/pages\/123\/revisions\/229"}],"wp:attachment":[{"href":"https:\/\/mersch.done-team.com\/de\/wp-json\/wp\/v2\/media?parent=123"}],"curies":[{"name":"wp","href":"https:\/\/api.w.org\/{rel}","templated":true}]}}