{"id":152,"date":"2023-10-30T09:18:06","date_gmt":"2023-10-30T08:18:06","guid":{"rendered":"https:\/\/mersch.done-team.com\/taetigkeitsfelder\/amenagements-paysagers\/"},"modified":"2023-10-30T11:04:50","modified_gmt":"2023-10-30T10:04:50","slug":"landschaftsgestaltung","status":"publish","type":"page","link":"https:\/\/mersch.done-team.com\/de\/taetigkeitsfelder\/landschaftsgestaltung\/","title":{"rendered":"Landschaftsgestaltung"},"content":{"rendered":"<div class=\"wpb-content-wrapper\"><p>[vc_section full_width=&#8220;stretch_row&#8220; el_id=&#8220;activity-intro&#8220; css=&#8220;.vc_custom_1698659516932{background-image: url(\/wp-content\/uploads\/2023\/10\/Amenagements-paysagers.png?id=147) !important;}&#8220;][vc_row el_id=&#8220;activity-intro-heading-row&#8220;][vc_column][vc_column_text]<\/p>\n<h1 class=\"upper\">Landschaftsgestaltung<\/h1>\n<p>[\/vc_column_text][\/vc_column][\/vc_row][vc_row full_width=&#8220;stretch_row_content_no_spaces&#8220;][vc_column][vc_single_image image=&#8220;147&#8243; img_size=&#8220;full&#8220; alignment=&#8220;center&#8220; el_class=&#8220;no-space-img&#8220;][vc_column_text el_class=&#8220;hidden&#8220;]Von der ersten Skizze bis zur Bauleitung realisiert das B\u00fcro Mersch Ing\u00e9nieurs-paysagistes Landschaftsgestaltungen f\u00fcr \u00f6ffentliche und private Akteure.[\/vc_column_text][vc_column_text el_id=&#8220;activity-breadcrumbs&#8220;]<a href=\"\/de\/taetigkeitsfelder\/\">T\u00e4tigkeitsfelder<\/a> &gt; <a href=\"#\">Landschaftsgestaltung<\/a>[\/vc_column_text][\/vc_column][\/vc_row][\/vc_section][vc_section el_id=&#8220;activity-content-sec&#8220;][vc_row][vc_column width=&#8220;2\/3&#8243;][vc_column_text]Von der ersten Skizze bis zur Bauleitung realisiert das B\u00fcro Mersch Ing\u00e9nieurs-paysagistes Landschaftsgestaltungen f\u00fcr \u00f6ffentliche und private Akteure.<\/p>\n<p>Alle Anlagen werden so konzipiert, dass sie die Biodiversit\u00e4t f\u00f6rdern und die \u00f6kologische Widerstandsf\u00e4higkeit der Projekte optimieren, insbesondere durch die Beachtung des nat\u00fcrlichen Wasserkreislaufs, der vorhandenen Topographie und durch die Wahl einer an den Standort angepassten Vegetation, und die globale Erw\u00e4rmung bek\u00e4mpfen (W\u00e4rmeinsel).[\/vc_column_text][vc_column_text]<strong class=\"colored upper activity-service-strong\">Unsere Leistungen<\/strong>[\/vc_column_text][vc_column_text]<\/p>\n<ul class=\"black\">\n<li>Gestaltung von privaten und \u00f6ffentlichen R\u00e4umen: Stra\u00dfen, Parks, Pl\u00e4tze, Gymnasien und Schulen, Spielpl\u00e4tze und Sportpl\u00e4tze, G\u00e4rten und H\u00f6fe von Siedlungen und Wohnanlagen, Verkehrsgarten. <\/li>\n<li>Gestaltung von Wasserfl\u00e4chen (Teiche, Weiher), Wasserspielen und Brunnenanlagen im st\u00e4dtischen Raum. <\/li>\n<li>Design und Entwurf von Wegelementen (Stelzen, Stege, Ponton) oder Erholungselementen (Aussichtspunkt, Pergola und Pavillon, Stadtm\u00f6bel).<\/li>\n<li>Koordination Au\u00dfenanlagen (Netzwerke, Beleuchtung, &#8230;) <\/li>\n<li>Auswahl und Beratung bei der Bepflanzung und Aussaat der Au\u00dfenanlagen. <\/li>\n<\/ul>\n<p>[\/vc_column_text][vc_btn title=&#8220;T\u00e9l\u00e9charger la fiche de d\u00e9partement&#8220; align=&#8220;center&#8220; link=&#8220;url:%2Fwp-content%2Fuploads%2F2023%2F10%2FMIP-AP-20231010-FP-205&#215;292-FR.pdf|target:_blank&#8220; el_class=&#8220;cta-btn hidden&#8220;][\/vc_column][vc_column width=&#8220;1\/3&#8243;][\/vc_column][\/vc_row][\/vc_section][vc_section el_id=&#8220;activity-gallery-sec&#8220;][vc_row][vc_column][vc_column_text]<\/p>\n<h2 class=\"upper al-center\">Fotogalerie<\/h2>\n<p>[\/vc_column_text][\/vc_column][\/vc_row][vc_row][vc_column][vc_gallery type=&#8220;image_grid&#8220; images=&#8220;145,143,141,139,137,135,133,131,129,127&#8243; img_size=&#8220;full&#8220;][\/vc_column][\/vc_row][vc_row full_width=&#8220;stretch_row_content_no_spaces&#8220; el_class=&#8220;skew-bot-row skew-bot-row-light&#8220;][vc_column][\/vc_column][\/vc_row][\/vc_section][vc_section full_width=&#8220;stretch_row&#8220; el_id=&#8220;activity-reference-footer-sec&#8220; css=&#8220;.vc_custom_1698659887409{background-color: #95c11f !important;}&#8220;][vc_row][vc_column][vc_column_text]<h2 class=\"white upper bot-mar-2 al-center top-mar-1\">Entdecken Sie unsere Projekte<\/h1><div id=\"ref-act-footer\" class=\"ref-act-footer-c-32 needs-slider\"><div class=\"ref-act-footer-item ref-act-footer-type-page\"><a href=\"https:\/\/mersch.done-team.com\/de\/lycee-edward-steichen-a-clervaux\/\"><img decoding=\"async\" src=\"https:\/\/mersch.done-team.com\/wp-content\/uploads\/2023\/11\/Clervaux06-1024x768.jpg\"><div class=\"ref-act-footer-inner\"><span class=\"ref-act-footer-title\">Lyc\u00e9e Edward Steichen \u00e0 Clervaux<\/span><\/div><\/a><\/div><div class=\"ref-act-footer-item ref-act-footer-type-page\"><a href=\"https:\/\/mersch.done-team.com\/de\/lycee-ermesinde-a-beringen-mersch\/\"><img decoding=\"async\" src=\"https:\/\/mersch.done-team.com\/wp-content\/uploads\/2023\/11\/mersch4-1024x768.jpg\"><div class=\"ref-act-footer-inner\"><span class=\"ref-act-footer-title\">Lyc\u00e9e Ermesinde \u00e0 Beringen Mersch<\/span><\/div><\/a><\/div><div class=\"ref-act-footer-item ref-act-footer-type-page\"><a href=\"https:\/\/mersch.done-team.com\/de\/atert-lycee-a-redange\/\"><img decoding=\"async\" src=\"https:\/\/mersch.done-team.com\/wp-content\/uploads\/2023\/11\/redange8-1024x768.jpg\"><div class=\"ref-act-footer-inner\"><span class=\"ref-act-footer-title\">Atert Lyc\u00e9e \u00e0 Redange<\/span><\/div><\/a><\/div><div class=\"ref-act-footer-item ref-act-footer-type-page\"><a href=\"https:\/\/mersch.done-team.com\/de\/international-school-of-luxembourg-a-luxembourg\/\"><img decoding=\"async\" src=\"https:\/\/mersch.done-team.com\/wp-content\/uploads\/2023\/11\/merl1-1024x768.jpg\"><div class=\"ref-act-footer-inner\"><span class=\"ref-act-footer-title\">International School of Luxembourg \u00e0 Luxembourg<\/span><\/div><\/a><\/div><div class=\"ref-act-footer-item ref-act-footer-type-page\"><a href=\"https:\/\/mersch.done-team.com\/de\/centre-scolaire-a-rosport\/\"><img decoding=\"async\" src=\"https:\/\/mersch.done-team.com\/wp-content\/uploads\/2023\/11\/rosport1-1024x768.jpg\"><div class=\"ref-act-footer-inner\"><span class=\"ref-act-footer-title\">Centre scolaire \u00e0 Rosport<\/span><\/div><\/a><\/div><div class=\"ref-act-footer-item ref-act-footer-type-page\"><a href=\"https:\/\/mersch.done-team.com\/de\/concours-lycee-technique-a-bonnevoie\/\"><img decoding=\"async\" src=\"https:\/\/mersch.done-team.com\/wp-content\/uploads\/2023\/11\/bonnevoie2-1-1024x768.jpg\"><div class=\"ref-act-footer-inner\"><span class=\"ref-act-footer-title\">Concours Lyc\u00e9e technique \u00e0 Bonnevoie<\/span><\/div><\/a><\/div><div class=\"ref-act-footer-item ref-act-footer-type-page\"><a href=\"https:\/\/mersch.done-team.com\/de\/promenade-de-lour-vianden\/\"><img decoding=\"async\" src=\"https:\/\/mersch.done-team.com\/wp-content\/uploads\/2023\/11\/vianden01-1024x768.jpg\"><div class=\"ref-act-footer-inner\"><span class=\"ref-act-footer-title\">Promenade de l\u2019Our &#8211; Vianden<\/span><\/div><\/a><\/div><div class=\"ref-act-footer-item ref-act-footer-type-page\"><a href=\"https:\/\/mersch.done-team.com\/de\/place-de-la-mairie-a-bascharage\/\"><img decoding=\"async\" src=\"https:\/\/mersch.done-team.com\/wp-content\/uploads\/2023\/11\/bascherage01-1024x768.jpg\"><div class=\"ref-act-footer-inner\"><span class=\"ref-act-footer-title\">Place de la mairie \u00e0 Bascharage<\/span><\/div><\/a><\/div><div class=\"ref-act-footer-item ref-act-footer-type-page\"><a href=\"https:\/\/mersch.done-team.com\/de\/cimetiere-communal-a-junglinster\/\"><img decoding=\"async\" src=\"https:\/\/mersch.done-team.com\/wp-content\/uploads\/2023\/11\/junglinster1-1024x768.jpg\"><div class=\"ref-act-footer-inner\"><span class=\"ref-act-footer-title\">Cimeti\u00e8re communal \u00e0 Junglinster<\/span><\/div><\/a><\/div><div class=\"ref-act-footer-item ref-act-footer-type-page\"><a href=\"https:\/\/mersch.done-team.com\/de\/maison-relais-a-niederanven\/\"><img decoding=\"async\" src=\"https:\/\/mersch.done-team.com\/wp-content\/uploads\/2023\/11\/niederanven01-1024x768.jpg\"><div class=\"ref-act-footer-inner\"><span class=\"ref-act-footer-title\">Maison relais \u00e0 Niederanven<\/span><\/div><\/a><\/div><div class=\"ref-act-footer-item ref-act-footer-type-page\"><a href=\"https:\/\/mersch.done-team.com\/de\/place-maria-klein-a-roodt-syre\/\"><img decoding=\"async\" src=\"https:\/\/mersch.done-team.com\/wp-content\/uploads\/2023\/11\/rodt05-1024x768.jpg\"><div class=\"ref-act-footer-inner\"><span class=\"ref-act-footer-title\">Place Maria Klein \u00e0 Roodt\/Syre<\/span><\/div><\/a><\/div><div class=\"ref-act-footer-item ref-act-footer-type-page\"><a href=\"https:\/\/mersch.done-team.com\/de\/parking-ecologique-a-cessange\/\"><img decoding=\"async\" src=\"https:\/\/mersch.done-team.com\/wp-content\/uploads\/2023\/11\/cessange4-1024x768.jpg\"><div class=\"ref-act-footer-inner\"><span class=\"ref-act-footer-title\">Parking \u00e9cologique \u00e0 Cessange<\/span><\/div><\/a><\/div><div class=\"ref-act-footer-item ref-act-footer-type-page\"><a href=\"https:\/\/mersch.done-team.com\/de\/lac-de-baignade-a-haff-reimech\/\"><img decoding=\"async\" src=\"https:\/\/mersch.done-team.com\/wp-content\/uploads\/2023\/11\/remerschen8-1024x768.jpg\"><div class=\"ref-act-footer-inner\"><span class=\"ref-act-footer-title\">Lac de baignade \u00e0 Haff R\u00e9imech<\/span><\/div><\/a><\/div><div class=\"ref-act-footer-item ref-act-footer-type-page\"><a href=\"https:\/\/mersch.done-team.com\/de\/aire-de-jeux-a-wellenstein\/\"><img decoding=\"async\" src=\"https:\/\/mersch.done-team.com\/wp-content\/uploads\/2023\/11\/wellenstein02-1024x768.jpg\"><div class=\"ref-act-footer-inner\"><span class=\"ref-act-footer-title\">Aire de jeux \u00e0 Wellenstein<\/span><\/div><\/a><\/div><div class=\"ref-act-footer-item ref-act-footer-type-page\"><a href=\"https:\/\/mersch.done-team.com\/de\/aire-de-jeux-deau-a-junglinster\/\"><img decoding=\"async\" src=\"https:\/\/mersch.done-team.com\/wp-content\/uploads\/2023\/11\/junglinster11-1024x768.jpg\"><div class=\"ref-act-footer-inner\"><span class=\"ref-act-footer-title\">Aire de jeux d\u2019eau \u00e0 Junglinster<\/span><\/div><\/a><\/div><div class=\"ref-act-footer-item ref-act-footer-type-page\"><a href=\"https:\/\/mersch.done-team.com\/de\/parc-communal-a-mersch\/\"><img decoding=\"async\" src=\"https:\/\/mersch.done-team.com\/wp-content\/uploads\/2023\/11\/pmersch01-1024x768.jpg\"><div class=\"ref-act-footer-inner\"><span class=\"ref-act-footer-title\">Parc communal \u00e0 Mersch<\/span><\/div><\/a><\/div><div class=\"ref-act-footer-item ref-act-footer-type-page\"><a href=\"https:\/\/mersch.done-team.com\/de\/parc-krakelshaff-a-bettembourg\/\"><img decoding=\"async\" src=\"https:\/\/mersch.done-team.com\/wp-content\/uploads\/2023\/11\/krakelshaff01-1024x768.jpg\"><div class=\"ref-act-footer-inner\"><span class=\"ref-act-footer-title\">Parc Krakelshaff \u00e0 Bettembourg<\/span><\/div><\/a><\/div><div class=\"ref-act-footer-item ref-act-footer-type-page\"><a href=\"https:\/\/mersch.done-team.com\/de\/parc-du-chateau-a-bettembourg\/\"><img decoding=\"async\" src=\"https:\/\/mersch.done-team.com\/wp-content\/uploads\/2023\/11\/bettembourg4-1024x768.jpg\"><div class=\"ref-act-footer-inner\"><span class=\"ref-act-footer-title\">Parc du ch\u00e2teau \u00e0 Bettembourg<\/span><\/div><\/a><\/div><div class=\"ref-act-footer-item ref-act-footer-type-page\"><a href=\"https:\/\/mersch.done-team.com\/de\/parc-pescher-a-strassen\/\"><img decoding=\"async\" src=\"https:\/\/mersch.done-team.com\/wp-content\/uploads\/2023\/11\/pescher3-1024x768.jpg\"><div class=\"ref-act-footer-inner\"><span class=\"ref-act-footer-title\">Parc Pescher \u00e0 Strassen<\/span><\/div><\/a><\/div><div class=\"ref-act-footer-item ref-act-footer-type-page\"><a href=\"https:\/\/mersch.done-team.com\/de\/jardin-commun-a-luxembourg\/\"><img decoding=\"async\" src=\"https:\/\/mersch.done-team.com\/wp-content\/uploads\/2023\/11\/luxembourg1-1024x768.jpg\"><div class=\"ref-act-footer-inner\"><span class=\"ref-act-footer-title\">Jardin commun \u00e0 Luxembourg<\/span><\/div><\/a><\/div><div class=\"ref-act-footer-item ref-act-footer-type-page\"><a href=\"https:\/\/mersch.done-team.com\/de\/parc-klenschenhaff-a-bettembourg\/\"><img decoding=\"async\" src=\"https:\/\/mersch.done-team.com\/wp-content\/uploads\/2023\/11\/pbettembourg3-1024x768.jpg\"><div class=\"ref-act-footer-inner\"><span class=\"ref-act-footer-title\">Parc Klenschenhaff \u00e0 Bettembourg<\/span><\/div><\/a><\/div><div class=\"ref-act-footer-item ref-act-footer-type-page\"><a href=\"https:\/\/mersch.done-team.com\/de\/siege-administratif-evonos-a-esch-alzette\/\"><img decoding=\"async\" src=\"https:\/\/mersch.done-team.com\/wp-content\/uploads\/2023\/11\/enovos05-1024x768.jpg\"><div class=\"ref-act-footer-inner\"><span class=\"ref-act-footer-title\">Si\u00e8ge administratif Evonos \u00e0 Esch\/Alzette<\/span><\/div><\/a><\/div><div class=\"ref-act-footer-item ref-act-footer-type-page\"><a href=\"https:\/\/mersch.done-team.com\/de\/centre-commercial-cactus-a-redange\/\"><img decoding=\"async\" src=\"https:\/\/mersch.done-team.com\/wp-content\/uploads\/2023\/11\/epredange3-1024x768.jpg\"><div class=\"ref-act-footer-inner\"><span class=\"ref-act-footer-title\">Centre commercial Cactus \u00e0 Redange<\/span><\/div><\/a><\/div><div class=\"ref-act-footer-item ref-act-footer-type-page\"><a href=\"https:\/\/mersch.done-team.com\/de\/ligne-ferroviaire-petange-luxembourg\/\"><img decoding=\"async\" src=\"https:\/\/mersch.done-team.com\/wp-content\/uploads\/2023\/11\/cfl3-1024x768.jpg\"><div class=\"ref-act-footer-inner\"><span class=\"ref-act-footer-title\">Ligne ferroviaire P\u00e9tange Luxembourg<\/span><\/div><\/a><\/div><div class=\"ref-act-footer-item ref-act-footer-type-page\"><a href=\"https:\/\/mersch.done-team.com\/de\/centre-commerciale-belle-etoile-strassen\/\"><img decoding=\"async\" src=\"https:\/\/mersch.done-team.com\/wp-content\/uploads\/2023\/11\/belle2-1024x768.jpg\"><div class=\"ref-act-footer-inner\"><span class=\"ref-act-footer-title\">Centre commerciale Belle \u00e9toile Strassen<\/span><\/div><\/a><\/div><div class=\"ref-act-footer-item ref-act-footer-type-page\"><a href=\"https:\/\/mersch.done-team.com\/de\/jardin-a-cessange\/\"><img decoding=\"async\" src=\"https:\/\/mersch.done-team.com\/wp-content\/uploads\/2023\/11\/epcessange2-1024x768.jpg\"><div class=\"ref-act-footer-inner\"><span class=\"ref-act-footer-title\">Jardin \u00e0 Cessange<\/span><\/div><\/a><\/div><div class=\"ref-act-footer-item ref-act-footer-type-page\"><a href=\"https:\/\/mersch.done-team.com\/de\/urban-forest-differdange\/\"><img decoding=\"async\" src=\"https:\/\/mersch.done-team.com\/wp-content\/uploads\/2023\/11\/differdange1-1024x768.jpg\"><div class=\"ref-act-footer-inner\"><span class=\"ref-act-footer-title\">Urban Forest Differdange<\/span><\/div><\/a><\/div><div class=\"ref-act-footer-item ref-act-footer-type-page\"><a href=\"https:\/\/mersch.done-team.com\/de\/plan-vert-pap-mathendahl-a-niederkorn\/\"><img decoding=\"async\" src=\"https:\/\/mersch.done-team.com\/wp-content\/uploads\/2023\/12\/mathendahl01-1024x768.jpg\"><div class=\"ref-act-footer-inner\"><span class=\"ref-act-footer-title\">Plan vert PAP Mathendahl \u00e0 Niederkorn<\/span><\/div><\/a><\/div><div class=\"ref-act-footer-item ref-act-footer-type-page\"><a href=\"https:\/\/mersch.done-team.com\/de\/plan-vert-pap-wunnen-am-klouschtergaart-luxembourg-cents\/\"><img decoding=\"async\" src=\"https:\/\/mersch.done-team.com\/wp-content\/uploads\/2023\/12\/cents01-1024x768.jpg\"><div class=\"ref-act-footer-inner\"><span class=\"ref-act-footer-title\">Plan vert PAP Wunnen am Klouschtergaart Luxembourg Cents<\/span><\/div><\/a><\/div><div class=\"ref-act-footer-item ref-act-footer-type-page\"><a href=\"https:\/\/mersch.done-team.com\/de\/plan-vert-pap-manertchen-a-echternach\/\"><img decoding=\"async\" src=\"https:\/\/mersch.done-team.com\/wp-content\/uploads\/2023\/12\/echternach01-1024x768.jpg\"><div class=\"ref-act-footer-inner\"><span class=\"ref-act-footer-title\">Plan vert PAP Manertchen \u00e0 Echternach<\/span><\/div><\/a><\/div><div class=\"ref-act-footer-item ref-act-footer-type-page\"><a href=\"https:\/\/mersch.done-team.com\/de\/manuel-paysager-campus-automotive-a-bissen\/\"><img decoding=\"async\" src=\"https:\/\/mersch.done-team.com\/wp-content\/uploads\/2023\/12\/bissen01-1024x768.jpg\"><div class=\"ref-act-footer-inner\"><span class=\"ref-act-footer-title\">Manuel paysager Campus automotive \u00e0 Bissen<\/span><\/div><\/a><\/div><div class=\"ref-act-footer-item ref-act-footer-type-page\"><a href=\"https:\/\/mersch.done-team.com\/de\/plan-vert-pap-in-der-acht-a-welsdorf\/\"><img decoding=\"async\" src=\"https:\/\/mersch.done-team.com\/wp-content\/uploads\/2023\/12\/welsdorf01-1024x768.jpg\"><div class=\"ref-act-footer-inner\"><span class=\"ref-act-footer-title\">Plan vert PAP In der Acht \u00e0 Welsdorf<\/span><\/div><\/a><\/div><\/div>[\/vc_column_text][\/vc_column][\/vc_row][\/vc_section]<\/p>\n<\/div>","protected":false},"excerpt":{"rendered":"<p>[vc_section full_width=&#8220;stretch_row&#8220; el_id=&#8220;activity-intro&#8220; css=&#8220;.vc_custom_1698659516932{background-image: url(\/wp-content\/uploads\/2023\/10\/Amenagements-paysagers.png?id=147) !important;}&#8220;][vc_row el_id=&#8220;activity-intro-heading-row&#8220;][vc_column][vc_column_text] Landschaftsgestaltung [\/vc_column_text][\/vc_column][\/vc_row][vc_row full_width=&#8220;stretch_row_content_no_spaces&#8220;][vc_column][vc_single_image image=&#8220;147&#8243; img_size=&#8220;full&#8220; alignment=&#8220;center&#8220; el_class=&#8220;no-space-img&#8220;][vc_column_text el_class=&#8220;hidden&#8220;]Von der ersten Skizze bis zur Bauleitung realisiert das B\u00fcro Mersch Ing\u00e9nieurs-paysagistes<span class=\"excerpt-hellip\"> [\u2026]<\/span><\/p>\n","protected":false},"author":1,"featured_media":132,"parent":123,"menu_order":0,"comment_status":"closed","ping_status":"closed","template":"","meta":{"footnotes":""},"class_list":["post-152","page","type-page","status-publish","has-post-thumbnail","hentry"],"yoast_head":"<!-- This site is optimized with the Yoast SEO plugin v21.4 - https:\/\/yoast.com\/wordpress\/plugins\/seo\/ -->\n<title>Landschaftsgestaltung - Carlo Mersch<\/title>\n<meta name=\"robots\" content=\"noindex, follow, max-snippet:-1, max-image-preview:large, max-video-preview:-1\" \/>\n<meta property=\"og:locale\" content=\"de_DE\" \/>\n<meta property=\"og:type\" content=\"article\" \/>\n<meta property=\"og:title\" content=\"Landschaftsgestaltung - Carlo Mersch\" \/>\n<meta property=\"og:description\" content=\"[vc_section full_width=&#8220;stretch_row&#8220; el_id=&#8220;activity-intro&#8220; css=&#8220;.vc_custom_1698659516932{background-image: url(\/wp-content\/uploads\/2023\/10\/Amenagements-paysagers.png?id=147) !important;}&#8220;][vc_row el_id=&#8220;activity-intro-heading-row&#8220;][vc_column][vc_column_text] Landschaftsgestaltung [\/vc_column_text][\/vc_column][\/vc_row][vc_row full_width=&#8220;stretch_row_content_no_spaces&#8220;][vc_column][vc_single_image image=&#8220;147&#8243; img_size=&#8220;full&#8220; alignment=&#8220;center&#8220; el_class=&#8220;no-space-img&#8220;][vc_column_text el_class=&#8220;hidden&#8220;]Von der ersten Skizze bis zur Bauleitung realisiert das B\u00fcro Mersch Ing\u00e9nieurs-paysagistes [\u2026]\" \/>\n<meta property=\"og:url\" content=\"https:\/\/mersch.done-team.com\/de\/taetigkeitsfelder\/landschaftsgestaltung\/\" \/>\n<meta property=\"og:site_name\" content=\"Carlo Mersch\" \/>\n<meta property=\"article:modified_time\" content=\"2023-10-30T10:04:50+00:00\" \/>\n<meta property=\"og:image\" content=\"https:\/\/mersch.done-team.com\/wp-content\/uploads\/2023\/10\/rosport8-complexe-scolaire.jpg\" \/>\n\t<meta property=\"og:image:width\" content=\"1200\" \/>\n\t<meta property=\"og:image:height\" content=\"900\" \/>\n\t<meta property=\"og:image:type\" content=\"image\/jpeg\" \/>\n<meta name=\"twitter:card\" content=\"summary_large_image\" \/>\n<meta name=\"twitter:label1\" content=\"Gesch\u00e4tzte Lesezeit\" \/>\n\t<meta name=\"twitter:data1\" content=\"1\u00a0Minute\" \/>\n<script type=\"application\/ld+json\" class=\"yoast-schema-graph\">{\"@context\":\"https:\/\/schema.org\",\"@graph\":[{\"@type\":\"WebPage\",\"@id\":\"https:\/\/mersch.done-team.com\/de\/taetigkeitsfelder\/landschaftsgestaltung\/\",\"url\":\"https:\/\/mersch.done-team.com\/de\/taetigkeitsfelder\/landschaftsgestaltung\/\",\"name\":\"Landschaftsgestaltung - Carlo Mersch\",\"isPartOf\":{\"@id\":\"https:\/\/mersch.done-team.com\/#website\"},\"datePublished\":\"2023-10-30T08:18:06+00:00\",\"dateModified\":\"2023-10-30T10:04:50+00:00\",\"breadcrumb\":{\"@id\":\"https:\/\/mersch.done-team.com\/de\/taetigkeitsfelder\/landschaftsgestaltung\/#breadcrumb\"},\"inLanguage\":\"de\",\"potentialAction\":[{\"@type\":\"ReadAction\",\"target\":[\"https:\/\/mersch.done-team.com\/de\/taetigkeitsfelder\/landschaftsgestaltung\/\"]}]},{\"@type\":\"BreadcrumbList\",\"@id\":\"https:\/\/mersch.done-team.com\/de\/taetigkeitsfelder\/landschaftsgestaltung\/#breadcrumb\",\"itemListElement\":[{\"@type\":\"ListItem\",\"position\":1,\"name\":\"Home\",\"item\":\"https:\/\/mersch.done-team.com\/de\/\"},{\"@type\":\"ListItem\",\"position\":2,\"name\":\"T\u00e4tigkeitsfelder\",\"item\":\"https:\/\/mersch.done-team.com\/de\/taetigkeitsfelder\/\"},{\"@type\":\"ListItem\",\"position\":3,\"name\":\"Landschaftsgestaltung\"}]},{\"@type\":\"WebSite\",\"@id\":\"https:\/\/mersch.done-team.com\/#website\",\"url\":\"https:\/\/mersch.done-team.com\/\",\"name\":\"Carlo Mersch\",\"description\":\"\",\"inLanguage\":\"de\"}]}<\/script>\n<!-- \/ Yoast SEO plugin. -->","yoast_head_json":{"title":"Landschaftsgestaltung - Carlo Mersch","robots":{"index":"noindex","follow":"follow","max-snippet":"max-snippet:-1","max-image-preview":"max-image-preview:large","max-video-preview":"max-video-preview:-1"},"og_locale":"de_DE","og_type":"article","og_title":"Landschaftsgestaltung - Carlo Mersch","og_description":"[vc_section full_width=&#8220;stretch_row&#8220; el_id=&#8220;activity-intro&#8220; css=&#8220;.vc_custom_1698659516932{background-image: url(\/wp-content\/uploads\/2023\/10\/Amenagements-paysagers.png?id=147) !important;}&#8220;][vc_row el_id=&#8220;activity-intro-heading-row&#8220;][vc_column][vc_column_text] Landschaftsgestaltung [\/vc_column_text][\/vc_column][\/vc_row][vc_row full_width=&#8220;stretch_row_content_no_spaces&#8220;][vc_column][vc_single_image image=&#8220;147&#8243; img_size=&#8220;full&#8220; alignment=&#8220;center&#8220; el_class=&#8220;no-space-img&#8220;][vc_column_text el_class=&#8220;hidden&#8220;]Von der ersten Skizze bis zur Bauleitung realisiert das B\u00fcro Mersch Ing\u00e9nieurs-paysagistes [\u2026]","og_url":"https:\/\/mersch.done-team.com\/de\/taetigkeitsfelder\/landschaftsgestaltung\/","og_site_name":"Carlo Mersch","article_modified_time":"2023-10-30T10:04:50+00:00","og_image":[{"width":1200,"height":900,"url":"https:\/\/mersch.done-team.com\/wp-content\/uploads\/2023\/10\/rosport8-complexe-scolaire.jpg","type":"image\/jpeg"}],"twitter_card":"summary_large_image","twitter_misc":{"Gesch\u00e4tzte Lesezeit":"1\u00a0Minute"},"schema":{"@context":"https:\/\/schema.org","@graph":[{"@type":"WebPage","@id":"https:\/\/mersch.done-team.com\/de\/taetigkeitsfelder\/landschaftsgestaltung\/","url":"https:\/\/mersch.done-team.com\/de\/taetigkeitsfelder\/landschaftsgestaltung\/","name":"Landschaftsgestaltung - Carlo Mersch","isPartOf":{"@id":"https:\/\/mersch.done-team.com\/#website"},"datePublished":"2023-10-30T08:18:06+00:00","dateModified":"2023-10-30T10:04:50+00:00","breadcrumb":{"@id":"https:\/\/mersch.done-team.com\/de\/taetigkeitsfelder\/landschaftsgestaltung\/#breadcrumb"},"inLanguage":"de","potentialAction":[{"@type":"ReadAction","target":["https:\/\/mersch.done-team.com\/de\/taetigkeitsfelder\/landschaftsgestaltung\/"]}]},{"@type":"BreadcrumbList","@id":"https:\/\/mersch.done-team.com\/de\/taetigkeitsfelder\/landschaftsgestaltung\/#breadcrumb","itemListElement":[{"@type":"ListItem","position":1,"name":"Home","item":"https:\/\/mersch.done-team.com\/de\/"},{"@type":"ListItem","position":2,"name":"T\u00e4tigkeitsfelder","item":"https:\/\/mersch.done-team.com\/de\/taetigkeitsfelder\/"},{"@type":"ListItem","position":3,"name":"Landschaftsgestaltung"}]},{"@type":"WebSite","@id":"https:\/\/mersch.done-team.com\/#website","url":"https:\/\/mersch.done-team.com\/","name":"Carlo Mersch","description":"","inLanguage":"de"}]}},"_links":{"self":[{"href":"https:\/\/mersch.done-team.com\/de\/wp-json\/wp\/v2\/pages\/152","targetHints":{"allow":["GET"]}}],"collection":[{"href":"https:\/\/mersch.done-team.com\/de\/wp-json\/wp\/v2\/pages"}],"about":[{"href":"https:\/\/mersch.done-team.com\/de\/wp-json\/wp\/v2\/types\/page"}],"author":[{"embeddable":true,"href":"https:\/\/mersch.done-team.com\/de\/wp-json\/wp\/v2\/users\/1"}],"replies":[{"embeddable":true,"href":"https:\/\/mersch.done-team.com\/de\/wp-json\/wp\/v2\/comments?post=152"}],"version-history":[{"count":2,"href":"https:\/\/mersch.done-team.com\/de\/wp-json\/wp\/v2\/pages\/152\/revisions"}],"predecessor-version":[{"id":154,"href":"https:\/\/mersch.done-team.com\/de\/wp-json\/wp\/v2\/pages\/152\/revisions\/154"}],"up":[{"embeddable":true,"href":"https:\/\/mersch.done-team.com\/de\/wp-json\/wp\/v2\/pages\/123"}],"wp:featuredmedia":[{"embeddable":true,"href":"https:\/\/mersch.done-team.com\/de\/wp-json\/wp\/v2\/media\/132"}],"wp:attachment":[{"href":"https:\/\/mersch.done-team.com\/de\/wp-json\/wp\/v2\/media?parent=152"}],"curies":[{"name":"wp","href":"https:\/\/api.w.org\/{rel}","templated":true}]}}