{"id":188,"date":"2023-10-30T09:18:24","date_gmt":"2023-10-30T08:18:24","guid":{"rendered":"https:\/\/mersch.done-team.com\/taetigkeitsfelder\/planification-territoriale-etude-environnementale\/"},"modified":"2024-01-23T15:45:12","modified_gmt":"2024-01-23T14:45:12","slug":"raumplanung-umweltstudie","status":"publish","type":"page","link":"https:\/\/mersch.done-team.com\/de\/taetigkeitsfelder\/raumplanung-umweltstudie\/","title":{"rendered":"Raumplanung &#8211; Umweltstudie"},"content":{"rendered":"<div class=\"wpb-content-wrapper\"><p>[vc_section full_width=&#8220;stretch_row&#8220; el_id=&#8220;activity-intro&#8220; css=&#8220;.vc_custom_1698660755338{background-image: url(\/wp-content\/uploads\/2023\/10\/Planification-territoriale-Etude-environnementale.png?id=178) !important;}&#8220;][vc_row el_id=&#8220;activity-intro-heading-row&#8220;][vc_column][vc_column_text]<\/p>\n<h1 class=\"upper\">Raumplanung &#8211; Umweltstudie<\/h1>\n<p>[\/vc_column_text][\/vc_column][\/vc_row][vc_row full_width=&#8220;stretch_row_content_no_spaces&#8220;][vc_column][vc_single_image image=&#8220;178&#8243; img_size=&#8220;full&#8220; alignment=&#8220;center&#8220; el_class=&#8220;no-space-img&#8220;][vc_column_text el_class=&#8220;hidden&#8220;]Das B\u00fcro Mersch Ing\u00e9nieurs-Paysagistes ist beim Ministerium f\u00fcr Umwelt, Klima und nachhaltige Entwicklung zugelassen&#8230;[\/vc_column_text][vc_column_text el_id=&#8220;activity-breadcrumbs&#8220;]<a href=\"\/de\/taetigkeitsfelder\/\">T\u00e4tigkeitsfelder<\/a> &gt; <a href=\"#\">Raumplanung &#8211; Umweltstudie<\/a>[\/vc_column_text][\/vc_column][\/vc_row][\/vc_section][vc_section el_id=&#8220;activity-content-sec&#8220;][vc_row][vc_column width=&#8220;2\/3&#8243;][vc_column_text]Das B\u00fcro Mersch Ing\u00e9nieurs-Paysagistes ist beim Ministerium f\u00fcr Umwelt, Klima und nachhaltige Entwicklung zugelassen, um planungsbezogene Umweltstudien von der Ebene der Parzelle bis zur (inter-)kommunalen Ebene durchzuf\u00fchren und ist in der Lage, anschlie\u00dfend Ausgleichs- oder Gestaltungsl\u00f6sungen vorzuschlagen, die mit den st\u00e4dtebaulichen Herausforderungen vereinbar sind. [\/vc_column_text][vc_column_text]<strong class=\"colored upper activity-service-strong\">Unsere Leistungen<\/strong>[\/vc_column_text][vc_column_text]<\/p>\n<ul>\n<li>Untersuchungen der nat\u00fcrlichen Umwelt<\/li>\n<li>Erstellung einer \u00d6kobilanz<\/li>\n<li>Bewertungen der Auswirkungen auf die nat\u00fcrliche Umwelt (UVP\/SUP)<\/li>\n<li>Einleitung Genehmigungsantr\u00e4ge nach dem Naturschutzgesetz<\/li>\n<li>Skalierbare Konzepte f\u00fcr die Entwicklung von:\n<ul>\n<li>Landschafts- und Umwelthandbuch<\/li>\n<li>Gr\u00fcner Plan als Teil von PAPs und Masterpl\u00e4nen<\/li>\n<li>Volets Landschaftsarchitektur mit der Ausarbeitung von Pl\u00e4nen, technischen Details und Vorschriften<\/li>\n<\/ul>\n<div id=\"gtx-trans\" style=\"position: absolute; left: 210px; top: 109.8px;\">\n<div class=\"gtx-trans-icon\"><\/div>\n<\/div>\n<\/li>\n<\/ul>\n<p>[\/vc_column_text][vc_btn title=&#8220;T\u00e9l\u00e9charger la fiche de d\u00e9partement&#8220; align=&#8220;center&#8220; link=&#8220;url:%2Fwp-content%2Fuploads%2F2023%2F10%2FMIP-ET-20231010-FP-205&#215;292-FR.pdf|target:_blank&#8220; el_class=&#8220;cta-btn hidden&#8220;][\/vc_column][vc_column width=&#8220;1\/3&#8243;][\/vc_column][\/vc_row][\/vc_section][vc_section el_id=&#8220;activity-gallery-sec&#8220;][vc_row][vc_column][vc_column_text]<\/p>\n<h2 class=\"upper al-center\">Fotogalerie<\/h2>\n<p>[\/vc_column_text][\/vc_column][\/vc_row][vc_row][vc_column][vc_gallery type=&#8220;image_grid&#8220; images=&#8220;176,174,172,170,168,166,164,162,160,158&#8243; img_size=&#8220;full&#8220;][\/vc_column][\/vc_row][vc_row full_width=&#8220;stretch_row_content_no_spaces&#8220; el_class=&#8220;skew-bot-row skew-bot-row-light&#8220;][vc_column][\/vc_column][\/vc_row][\/vc_section][vc_section full_width=&#8220;stretch_row&#8220; el_id=&#8220;activity-reference-footer-sec&#8220; css=&#8220;.vc_custom_1698659887409{background-color: #95c11f !important;}&#8220;][vc_row][vc_column][vc_column_text]<h2 class=\"white upper bot-mar-2 al-center top-mar-1\">Entdecken Sie unsere Projekte<\/h1><div id=\"ref-act-footer\" class=\"ref-act-footer-c-11 needs-slider\"><div class=\"ref-act-footer-item ref-act-footer-type-page\"><a href=\"https:\/\/mersch.done-team.com\/de\/atert-lycee-a-redange\/\"><img decoding=\"async\" src=\"https:\/\/mersch.done-team.com\/wp-content\/uploads\/2023\/11\/redange8-1024x768.jpg\"><div class=\"ref-act-footer-inner\"><span class=\"ref-act-footer-title\">Atert Lyc\u00e9e \u00e0 Redange<\/span><\/div><\/a><\/div><div class=\"ref-act-footer-item ref-act-footer-type-page\"><a href=\"https:\/\/mersch.done-team.com\/de\/concours-lycee-technique-a-bonnevoie\/\"><img decoding=\"async\" src=\"https:\/\/mersch.done-team.com\/wp-content\/uploads\/2023\/11\/bonnevoie2-1-1024x768.jpg\"><div class=\"ref-act-footer-inner\"><span class=\"ref-act-footer-title\">Concours Lyc\u00e9e technique \u00e0 Bonnevoie<\/span><\/div><\/a><\/div><div class=\"ref-act-footer-item ref-act-footer-type-page\"><a href=\"https:\/\/mersch.done-team.com\/de\/parc-communal-a-mersch\/\"><img decoding=\"async\" src=\"https:\/\/mersch.done-team.com\/wp-content\/uploads\/2023\/11\/pmersch01-1024x768.jpg\"><div class=\"ref-act-footer-inner\"><span class=\"ref-act-footer-title\">Parc communal \u00e0 Mersch<\/span><\/div><\/a><\/div><div class=\"ref-act-footer-item ref-act-footer-type-page\"><a href=\"https:\/\/mersch.done-team.com\/de\/parc-krakelshaff-a-bettembourg\/\"><img decoding=\"async\" src=\"https:\/\/mersch.done-team.com\/wp-content\/uploads\/2023\/11\/krakelshaff01-1024x768.jpg\"><div class=\"ref-act-footer-inner\"><span class=\"ref-act-footer-title\">Parc Krakelshaff \u00e0 Bettembourg<\/span><\/div><\/a><\/div><div class=\"ref-act-footer-item ref-act-footer-type-page\"><a href=\"https:\/\/mersch.done-team.com\/de\/parc-klenschenhaff-a-bettembourg\/\"><img decoding=\"async\" src=\"https:\/\/mersch.done-team.com\/wp-content\/uploads\/2023\/11\/pbettembourg3-1024x768.jpg\"><div class=\"ref-act-footer-inner\"><span class=\"ref-act-footer-title\">Parc Klenschenhaff \u00e0 Bettembourg<\/span><\/div><\/a><\/div><div class=\"ref-act-footer-item ref-act-footer-type-page\"><a href=\"https:\/\/mersch.done-team.com\/de\/urban-forest-differdange\/\"><img decoding=\"async\" src=\"https:\/\/mersch.done-team.com\/wp-content\/uploads\/2023\/11\/differdange1-1024x768.jpg\"><div class=\"ref-act-footer-inner\"><span class=\"ref-act-footer-title\">Urban Forest Differdange<\/span><\/div><\/a><\/div><div class=\"ref-act-footer-item ref-act-footer-type-page\"><a href=\"https:\/\/mersch.done-team.com\/de\/plan-vert-pap-mathendahl-a-niederkorn\/\"><img decoding=\"async\" src=\"https:\/\/mersch.done-team.com\/wp-content\/uploads\/2023\/12\/mathendahl01-1024x768.jpg\"><div class=\"ref-act-footer-inner\"><span class=\"ref-act-footer-title\">Plan vert PAP Mathendahl \u00e0 Niederkorn<\/span><\/div><\/a><\/div><div class=\"ref-act-footer-item ref-act-footer-type-page\"><a href=\"https:\/\/mersch.done-team.com\/de\/plan-vert-pap-wunnen-am-klouschtergaart-luxembourg-cents\/\"><img decoding=\"async\" src=\"https:\/\/mersch.done-team.com\/wp-content\/uploads\/2023\/12\/cents01-1024x768.jpg\"><div class=\"ref-act-footer-inner\"><span class=\"ref-act-footer-title\">Plan vert PAP Wunnen am Klouschtergaart Luxembourg Cents<\/span><\/div><\/a><\/div><div class=\"ref-act-footer-item ref-act-footer-type-page\"><a href=\"https:\/\/mersch.done-team.com\/de\/plan-vert-pap-manertchen-a-echternach\/\"><img decoding=\"async\" src=\"https:\/\/mersch.done-team.com\/wp-content\/uploads\/2023\/12\/echternach01-1024x768.jpg\"><div class=\"ref-act-footer-inner\"><span class=\"ref-act-footer-title\">Plan vert PAP Manertchen \u00e0 Echternach<\/span><\/div><\/a><\/div><div class=\"ref-act-footer-item ref-act-footer-type-page\"><a href=\"https:\/\/mersch.done-team.com\/de\/manuel-paysager-campus-automotive-a-bissen\/\"><img decoding=\"async\" src=\"https:\/\/mersch.done-team.com\/wp-content\/uploads\/2023\/12\/bissen01-1024x768.jpg\"><div class=\"ref-act-footer-inner\"><span class=\"ref-act-footer-title\">Manuel paysager Campus automotive \u00e0 Bissen<\/span><\/div><\/a><\/div><div class=\"ref-act-footer-item ref-act-footer-type-page\"><a href=\"https:\/\/mersch.done-team.com\/de\/plan-vert-pap-in-der-acht-a-welsdorf\/\"><img decoding=\"async\" src=\"https:\/\/mersch.done-team.com\/wp-content\/uploads\/2023\/12\/welsdorf01-1024x768.jpg\"><div class=\"ref-act-footer-inner\"><span class=\"ref-act-footer-title\">Plan vert PAP In der Acht \u00e0 Welsdorf<\/span><\/div><\/a><\/div><\/div>[\/vc_column_text][\/vc_column][\/vc_row][\/vc_section]<\/p>\n<\/div>","protected":false},"excerpt":{"rendered":"<p>[vc_section full_width=&#8220;stretch_row&#8220; el_id=&#8220;activity-intro&#8220; css=&#8220;.vc_custom_1698660755338{background-image: url(\/wp-content\/uploads\/2023\/10\/Planification-territoriale-Etude-environnementale.png?id=178) !important;}&#8220;][vc_row el_id=&#8220;activity-intro-heading-row&#8220;][vc_column][vc_column_text] Raumplanung &#8211; Umweltstudie [\/vc_column_text][\/vc_column][\/vc_row][vc_row full_width=&#8220;stretch_row_content_no_spaces&#8220;][vc_column][vc_single_image image=&#8220;178&#8243; img_size=&#8220;full&#8220; alignment=&#8220;center&#8220; el_class=&#8220;no-space-img&#8220;][vc_column_text el_class=&#8220;hidden&#8220;]Das B\u00fcro Mersch Ing\u00e9nieurs-Paysagistes ist beim Ministerium f\u00fcr Umwelt, Klima<span class=\"excerpt-hellip\"> [\u2026]<\/span><\/p>\n","protected":false},"author":1,"featured_media":175,"parent":123,"menu_order":0,"comment_status":"closed","ping_status":"closed","template":"","meta":{"footnotes":""},"class_list":["post-188","page","type-page","status-publish","has-post-thumbnail","hentry"],"yoast_head":"<!-- This site is optimized with the Yoast SEO plugin v21.4 - https:\/\/yoast.com\/wordpress\/plugins\/seo\/ -->\n<title>Raumplanung - Umweltstudie - Carlo Mersch<\/title>\n<meta name=\"robots\" content=\"noindex, follow, max-snippet:-1, max-image-preview:large, max-video-preview:-1\" \/>\n<meta property=\"og:locale\" content=\"de_DE\" \/>\n<meta property=\"og:type\" content=\"article\" \/>\n<meta property=\"og:title\" content=\"Raumplanung - Umweltstudie - Carlo Mersch\" \/>\n<meta property=\"og:description\" content=\"[vc_section full_width=&#8220;stretch_row&#8220; el_id=&#8220;activity-intro&#8220; css=&#8220;.vc_custom_1698660755338{background-image: url(\/wp-content\/uploads\/2023\/10\/Planification-territoriale-Etude-environnementale.png?id=178) !important;}&#8220;][vc_row el_id=&#8220;activity-intro-heading-row&#8220;][vc_column][vc_column_text] Raumplanung &#8211; Umweltstudie [\/vc_column_text][\/vc_column][\/vc_row][vc_row full_width=&#8220;stretch_row_content_no_spaces&#8220;][vc_column][vc_single_image image=&#8220;178&#8243; img_size=&#8220;full&#8220; alignment=&#8220;center&#8220; el_class=&#8220;no-space-img&#8220;][vc_column_text el_class=&#8220;hidden&#8220;]Das B\u00fcro Mersch Ing\u00e9nieurs-Paysagistes ist beim Ministerium f\u00fcr Umwelt, Klima [\u2026]\" \/>\n<meta property=\"og:url\" content=\"https:\/\/mersch.done-team.com\/de\/taetigkeitsfelder\/raumplanung-umweltstudie\/\" \/>\n<meta property=\"og:site_name\" content=\"Carlo Mersch\" \/>\n<meta property=\"article:modified_time\" content=\"2024-01-23T14:45:12+00:00\" \/>\n<meta property=\"og:image\" content=\"https:\/\/mersch.done-team.com\/wp-content\/uploads\/2023\/10\/Mathendahl-Plan-vert-02-16-04-15.jpg\" \/>\n\t<meta property=\"og:image:width\" content=\"1200\" \/>\n\t<meta property=\"og:image:height\" content=\"900\" \/>\n\t<meta property=\"og:image:type\" content=\"image\/jpeg\" \/>\n<meta name=\"twitter:card\" content=\"summary_large_image\" \/>\n<meta name=\"twitter:label1\" content=\"Gesch\u00e4tzte Lesezeit\" \/>\n\t<meta name=\"twitter:data1\" content=\"1\u00a0Minute\" \/>\n<script type=\"application\/ld+json\" class=\"yoast-schema-graph\">{\"@context\":\"https:\/\/schema.org\",\"@graph\":[{\"@type\":\"WebPage\",\"@id\":\"https:\/\/mersch.done-team.com\/de\/taetigkeitsfelder\/raumplanung-umweltstudie\/\",\"url\":\"https:\/\/mersch.done-team.com\/de\/taetigkeitsfelder\/raumplanung-umweltstudie\/\",\"name\":\"Raumplanung - Umweltstudie - Carlo Mersch\",\"isPartOf\":{\"@id\":\"https:\/\/mersch.done-team.com\/#website\"},\"datePublished\":\"2023-10-30T08:18:24+00:00\",\"dateModified\":\"2024-01-23T14:45:12+00:00\",\"breadcrumb\":{\"@id\":\"https:\/\/mersch.done-team.com\/de\/taetigkeitsfelder\/raumplanung-umweltstudie\/#breadcrumb\"},\"inLanguage\":\"de\",\"potentialAction\":[{\"@type\":\"ReadAction\",\"target\":[\"https:\/\/mersch.done-team.com\/de\/taetigkeitsfelder\/raumplanung-umweltstudie\/\"]}]},{\"@type\":\"BreadcrumbList\",\"@id\":\"https:\/\/mersch.done-team.com\/de\/taetigkeitsfelder\/raumplanung-umweltstudie\/#breadcrumb\",\"itemListElement\":[{\"@type\":\"ListItem\",\"position\":1,\"name\":\"Home\",\"item\":\"https:\/\/mersch.done-team.com\/de\/\"},{\"@type\":\"ListItem\",\"position\":2,\"name\":\"T\u00e4tigkeitsfelder\",\"item\":\"https:\/\/mersch.done-team.com\/de\/taetigkeitsfelder\/\"},{\"@type\":\"ListItem\",\"position\":3,\"name\":\"Raumplanung &#8211; Umweltstudie\"}]},{\"@type\":\"WebSite\",\"@id\":\"https:\/\/mersch.done-team.com\/#website\",\"url\":\"https:\/\/mersch.done-team.com\/\",\"name\":\"Carlo Mersch\",\"description\":\"\",\"inLanguage\":\"de\"}]}<\/script>\n<!-- \/ Yoast SEO plugin. -->","yoast_head_json":{"title":"Raumplanung - Umweltstudie - Carlo Mersch","robots":{"index":"noindex","follow":"follow","max-snippet":"max-snippet:-1","max-image-preview":"max-image-preview:large","max-video-preview":"max-video-preview:-1"},"og_locale":"de_DE","og_type":"article","og_title":"Raumplanung - Umweltstudie - Carlo Mersch","og_description":"[vc_section full_width=&#8220;stretch_row&#8220; el_id=&#8220;activity-intro&#8220; css=&#8220;.vc_custom_1698660755338{background-image: url(\/wp-content\/uploads\/2023\/10\/Planification-territoriale-Etude-environnementale.png?id=178) !important;}&#8220;][vc_row el_id=&#8220;activity-intro-heading-row&#8220;][vc_column][vc_column_text] Raumplanung &#8211; Umweltstudie [\/vc_column_text][\/vc_column][\/vc_row][vc_row full_width=&#8220;stretch_row_content_no_spaces&#8220;][vc_column][vc_single_image image=&#8220;178&#8243; img_size=&#8220;full&#8220; alignment=&#8220;center&#8220; el_class=&#8220;no-space-img&#8220;][vc_column_text el_class=&#8220;hidden&#8220;]Das B\u00fcro Mersch Ing\u00e9nieurs-Paysagistes ist beim Ministerium f\u00fcr Umwelt, Klima [\u2026]","og_url":"https:\/\/mersch.done-team.com\/de\/taetigkeitsfelder\/raumplanung-umweltstudie\/","og_site_name":"Carlo Mersch","article_modified_time":"2024-01-23T14:45:12+00:00","og_image":[{"width":1200,"height":900,"url":"https:\/\/mersch.done-team.com\/wp-content\/uploads\/2023\/10\/Mathendahl-Plan-vert-02-16-04-15.jpg","type":"image\/jpeg"}],"twitter_card":"summary_large_image","twitter_misc":{"Gesch\u00e4tzte Lesezeit":"1\u00a0Minute"},"schema":{"@context":"https:\/\/schema.org","@graph":[{"@type":"WebPage","@id":"https:\/\/mersch.done-team.com\/de\/taetigkeitsfelder\/raumplanung-umweltstudie\/","url":"https:\/\/mersch.done-team.com\/de\/taetigkeitsfelder\/raumplanung-umweltstudie\/","name":"Raumplanung - Umweltstudie - Carlo Mersch","isPartOf":{"@id":"https:\/\/mersch.done-team.com\/#website"},"datePublished":"2023-10-30T08:18:24+00:00","dateModified":"2024-01-23T14:45:12+00:00","breadcrumb":{"@id":"https:\/\/mersch.done-team.com\/de\/taetigkeitsfelder\/raumplanung-umweltstudie\/#breadcrumb"},"inLanguage":"de","potentialAction":[{"@type":"ReadAction","target":["https:\/\/mersch.done-team.com\/de\/taetigkeitsfelder\/raumplanung-umweltstudie\/"]}]},{"@type":"BreadcrumbList","@id":"https:\/\/mersch.done-team.com\/de\/taetigkeitsfelder\/raumplanung-umweltstudie\/#breadcrumb","itemListElement":[{"@type":"ListItem","position":1,"name":"Home","item":"https:\/\/mersch.done-team.com\/de\/"},{"@type":"ListItem","position":2,"name":"T\u00e4tigkeitsfelder","item":"https:\/\/mersch.done-team.com\/de\/taetigkeitsfelder\/"},{"@type":"ListItem","position":3,"name":"Raumplanung &#8211; Umweltstudie"}]},{"@type":"WebSite","@id":"https:\/\/mersch.done-team.com\/#website","url":"https:\/\/mersch.done-team.com\/","name":"Carlo Mersch","description":"","inLanguage":"de"}]}},"_links":{"self":[{"href":"https:\/\/mersch.done-team.com\/de\/wp-json\/wp\/v2\/pages\/188","targetHints":{"allow":["GET"]}}],"collection":[{"href":"https:\/\/mersch.done-team.com\/de\/wp-json\/wp\/v2\/pages"}],"about":[{"href":"https:\/\/mersch.done-team.com\/de\/wp-json\/wp\/v2\/types\/page"}],"author":[{"embeddable":true,"href":"https:\/\/mersch.done-team.com\/de\/wp-json\/wp\/v2\/users\/1"}],"replies":[{"embeddable":true,"href":"https:\/\/mersch.done-team.com\/de\/wp-json\/wp\/v2\/comments?post=188"}],"version-history":[{"count":3,"href":"https:\/\/mersch.done-team.com\/de\/wp-json\/wp\/v2\/pages\/188\/revisions"}],"predecessor-version":[{"id":1130,"href":"https:\/\/mersch.done-team.com\/de\/wp-json\/wp\/v2\/pages\/188\/revisions\/1130"}],"up":[{"embeddable":true,"href":"https:\/\/mersch.done-team.com\/de\/wp-json\/wp\/v2\/pages\/123"}],"wp:featuredmedia":[{"embeddable":true,"href":"https:\/\/mersch.done-team.com\/de\/wp-json\/wp\/v2\/media\/175"}],"wp:attachment":[{"href":"https:\/\/mersch.done-team.com\/de\/wp-json\/wp\/v2\/media?parent=188"}],"curies":[{"name":"wp","href":"https:\/\/api.w.org\/{rel}","templated":true}]}}