{"id":220,"date":"2023-10-30T09:18:43","date_gmt":"2023-10-30T08:18:43","guid":{"rendered":"https:\/\/mersch.done-team.com\/taetigkeitsfelder\/genie-biologique\/"},"modified":"2023-10-30T11:46:29","modified_gmt":"2023-10-30T10:46:29","slug":"bioingenieurwesen","status":"publish","type":"page","link":"https:\/\/mersch.done-team.com\/de\/taetigkeitsfelder\/bioingenieurwesen\/","title":{"rendered":"Bioingenieurwesen"},"content":{"rendered":"<div class=\"wpb-content-wrapper\"><p>[vc_section full_width=&#8220;stretch_row&#8220; el_id=&#8220;activity-intro&#8220; css=&#8220;.vc_custom_1698662524805{background-image: url(\/wp-content\/uploads\/2023\/10\/genie-bio.png?id=193) !important;}&#8220;][vc_row el_id=&#8220;activity-intro-heading-row&#8220;][vc_column][vc_column_text]<\/p>\n<h1 class=\"upper\">Bioingenieurwesen<\/h1>\n<p>[\/vc_column_text][\/vc_column][\/vc_row][vc_row full_width=&#8220;stretch_row_content_no_spaces&#8220;][vc_column][vc_single_image image=&#8220;193&#8243; img_size=&#8220;full&#8220; alignment=&#8220;center&#8220; el_class=&#8220;no-space-img&#8220;][vc_column_text el_class=&#8220;hidden&#8220;]Expertise des B\u00fcros in der Kenntnis der nat\u00fcrlichen Lebensr\u00e4ume (Feuchtgebiete, Wasserl\u00e4ufe, Grasland, Wiesen, Waldlandschaften) und ihrer Biodiversit\u00e4t in Luxemburg.[\/vc_column_text][vc_column_text el_id=&#8220;activity-breadcrumbs&#8220;]<a href=\"\/de\/taetigkeitsfelder\/\">T\u00e4tigkeitsfelder<\/a> &gt; <a href=\"#\">Bioingenieurwesen<\/a>[\/vc_column_text][\/vc_column][\/vc_row][\/vc_section][vc_section el_id=&#8220;activity-content-sec&#8220;][vc_row][vc_column width=&#8220;2\/3&#8243;][vc_column_text]Expertise des B\u00fcros in der Kenntnis der nat\u00fcrlichen Lebensr\u00e4ume (Feuchtgebiete, Wasserl\u00e4ufe, Grasland, Wiesen, Waldlandschaften) und ihrer Biodiversit\u00e4t in Luxemburg. Das B\u00fcro Mersch Ing\u00e9nieurs-Paysagistes ist in der Lage, Projekte zu entwerfen, die verschiedene Techniken des \u00f6kologischen Ingenieurwesens und spezifische Ausr\u00fcstungen erfordern (z. B. Begr\u00fcnung auf Geofilen, Wiederbegradigung von Flussufern, Umsiedlung von Pflanzenarten von einem Standort zum anderen, H\u00e4nge von Bahngleisen, &#8230;).[\/vc_column_text][vc_column_text]<strong class=\"colored upper activity-service-strong\">Unsere Leistungen<\/strong>[\/vc_column_text][vc_column_text]<\/p>\n<ul class=\"black\">\n<li>Erhaltung und Stabilisierung von Ufern.  <\/li>\n<li>Stabilisierung und Sanierung von B\u00f6schungen und H\u00e4ngen.<\/li>\n<li>Sanierung gesch\u00e4digter Lebensr\u00e4ume mit landschaftlicher Integration. <\/li>\n<li>Konzept f\u00fcr die Bewirtschaftung und Gestaltung von Wasserl\u00e4ufen und Wasserfl\u00e4chen.<\/li>\n<li>Renaturierung von Wasserl\u00e4ufen<\/li>\n<\/ul>\n<p>[\/vc_column_text][vc_btn title=&#8220;T\u00e9l\u00e9charger la fiche de d\u00e9partement&#8220; align=&#8220;center&#8220; link=&#8220;url:%2Fwp-content%2Fuploads%2F2023%2F10%2FMIP-GB-20231010-FP-205&#215;292-FR.pdf|target:_blank&#8220; el_class=&#8220;cta-btn hidden&#8220;][\/vc_column][vc_column width=&#8220;1\/3&#8243;][\/vc_column][\/vc_row][\/vc_section][vc_section el_id=&#8220;activity-gallery-sec&#8220;][vc_row][vc_column][vc_column_text]<\/p>\n<h2 class=\"upper al-center\">Fotogalerie<\/h2>\n<p>[\/vc_column_text][\/vc_column][\/vc_row][vc_row][vc_column][vc_gallery type=&#8220;image_grid&#8220; images=&#8220;215,213,211,209,207,205,203,201,199,197,195&#8243; img_size=&#8220;full&#8220;][\/vc_column][\/vc_row][vc_row full_width=&#8220;stretch_row_content_no_spaces&#8220; el_class=&#8220;skew-bot-row skew-bot-row-light&#8220;][vc_column][\/vc_column][\/vc_row][\/vc_section][vc_section full_width=&#8220;stretch_row&#8220; el_id=&#8220;activity-reference-footer-sec&#8220; css=&#8220;.vc_custom_1698662609805{background-color: #95C11F !important;}&#8220;][vc_row][vc_column][vc_column_text]<h2 class=\"white upper bot-mar-2 al-center top-mar-1\">Entdecken Sie unsere Projekte<\/h1><div id=\"ref-act-footer\" class=\"ref-act-footer-c-3 \"><div class=\"ref-act-footer-item ref-act-footer-type-page\"><a href=\"https:\/\/mersch.done-team.com\/de\/lac-de-baignade-a-haff-reimech\/\"><img decoding=\"async\" src=\"https:\/\/mersch.done-team.com\/wp-content\/uploads\/2023\/11\/remerschen8-1024x768.jpg\"><div class=\"ref-act-footer-inner\"><span class=\"ref-act-footer-title\">Lac de baignade \u00e0 Haff R\u00e9imech<\/span><\/div><\/a><\/div><div class=\"ref-act-footer-item ref-act-footer-type-page\"><a href=\"https:\/\/mersch.done-team.com\/de\/aire-de-jeux-deau-a-junglinster\/\"><img decoding=\"async\" src=\"https:\/\/mersch.done-team.com\/wp-content\/uploads\/2023\/11\/junglinster11-1024x768.jpg\"><div class=\"ref-act-footer-inner\"><span class=\"ref-act-footer-title\">Aire de jeux d\u2019eau \u00e0 Junglinster<\/span><\/div><\/a><\/div><div class=\"ref-act-footer-item ref-act-footer-type-page\"><a href=\"https:\/\/mersch.done-team.com\/de\/ligne-ferroviaire-petange-luxembourg\/\"><img decoding=\"async\" src=\"https:\/\/mersch.done-team.com\/wp-content\/uploads\/2023\/11\/cfl3-1024x768.jpg\"><div class=\"ref-act-footer-inner\"><span class=\"ref-act-footer-title\">Ligne ferroviaire P\u00e9tange Luxembourg<\/span><\/div><\/a><\/div><\/div>[\/vc_column_text][\/vc_column][\/vc_row][\/vc_section]<\/p>\n<\/div>","protected":false},"excerpt":{"rendered":"<p>[vc_section full_width=&#8220;stretch_row&#8220; el_id=&#8220;activity-intro&#8220; css=&#8220;.vc_custom_1698662524805{background-image: url(\/wp-content\/uploads\/2023\/10\/genie-bio.png?id=193) !important;}&#8220;][vc_row el_id=&#8220;activity-intro-heading-row&#8220;][vc_column][vc_column_text] Bioingenieurwesen [\/vc_column_text][\/vc_column][\/vc_row][vc_row full_width=&#8220;stretch_row_content_no_spaces&#8220;][vc_column][vc_single_image image=&#8220;193&#8243; img_size=&#8220;full&#8220; alignment=&#8220;center&#8220; el_class=&#8220;no-space-img&#8220;][vc_column_text el_class=&#8220;hidden&#8220;]Expertise des B\u00fcros in der Kenntnis der nat\u00fcrlichen Lebensr\u00e4ume (Feuchtgebiete, Wasserl\u00e4ufe, Grasland,<span class=\"excerpt-hellip\"> [\u2026]<\/span><\/p>\n","protected":false},"author":1,"featured_media":200,"parent":123,"menu_order":0,"comment_status":"closed","ping_status":"closed","template":"","meta":{"footnotes":""},"class_list":["post-220","page","type-page","status-publish","has-post-thumbnail","hentry"],"yoast_head":"<!-- This site is optimized with the Yoast SEO plugin v21.4 - https:\/\/yoast.com\/wordpress\/plugins\/seo\/ -->\n<title>Bioingenieurwesen - Carlo Mersch<\/title>\n<meta name=\"robots\" content=\"noindex, follow, max-snippet:-1, max-image-preview:large, max-video-preview:-1\" \/>\n<meta property=\"og:locale\" content=\"de_DE\" \/>\n<meta property=\"og:type\" content=\"article\" \/>\n<meta property=\"og:title\" content=\"Bioingenieurwesen - Carlo Mersch\" \/>\n<meta property=\"og:description\" content=\"[vc_section full_width=&#8220;stretch_row&#8220; el_id=&#8220;activity-intro&#8220; css=&#8220;.vc_custom_1698662524805{background-image: url(\/wp-content\/uploads\/2023\/10\/genie-bio.png?id=193) !important;}&#8220;][vc_row el_id=&#8220;activity-intro-heading-row&#8220;][vc_column][vc_column_text] Bioingenieurwesen [\/vc_column_text][\/vc_column][\/vc_row][vc_row full_width=&#8220;stretch_row_content_no_spaces&#8220;][vc_column][vc_single_image image=&#8220;193&#8243; img_size=&#8220;full&#8220; alignment=&#8220;center&#8220; el_class=&#8220;no-space-img&#8220;][vc_column_text el_class=&#8220;hidden&#8220;]Expertise des B\u00fcros in der Kenntnis der nat\u00fcrlichen Lebensr\u00e4ume (Feuchtgebiete, Wasserl\u00e4ufe, Grasland, [\u2026]\" \/>\n<meta property=\"og:url\" content=\"https:\/\/mersch.done-team.com\/de\/taetigkeitsfelder\/bioingenieurwesen\/\" \/>\n<meta property=\"og:site_name\" content=\"Carlo Mersch\" \/>\n<meta property=\"article:modified_time\" content=\"2023-10-30T10:46:29+00:00\" \/>\n<meta property=\"og:image\" content=\"https:\/\/mersch.done-team.com\/wp-content\/uploads\/2023\/10\/Clervaux-lycee-berges-cours-deau.jpg\" \/>\n\t<meta property=\"og:image:width\" content=\"1200\" \/>\n\t<meta property=\"og:image:height\" content=\"900\" \/>\n\t<meta property=\"og:image:type\" content=\"image\/jpeg\" \/>\n<meta name=\"twitter:card\" content=\"summary_large_image\" \/>\n<meta name=\"twitter:label1\" content=\"Gesch\u00e4tzte Lesezeit\" \/>\n\t<meta name=\"twitter:data1\" content=\"1\u00a0Minute\" \/>\n<script type=\"application\/ld+json\" class=\"yoast-schema-graph\">{\"@context\":\"https:\/\/schema.org\",\"@graph\":[{\"@type\":\"WebPage\",\"@id\":\"https:\/\/mersch.done-team.com\/de\/taetigkeitsfelder\/bioingenieurwesen\/\",\"url\":\"https:\/\/mersch.done-team.com\/de\/taetigkeitsfelder\/bioingenieurwesen\/\",\"name\":\"Bioingenieurwesen - Carlo Mersch\",\"isPartOf\":{\"@id\":\"https:\/\/mersch.done-team.com\/#website\"},\"datePublished\":\"2023-10-30T08:18:43+00:00\",\"dateModified\":\"2023-10-30T10:46:29+00:00\",\"breadcrumb\":{\"@id\":\"https:\/\/mersch.done-team.com\/de\/taetigkeitsfelder\/bioingenieurwesen\/#breadcrumb\"},\"inLanguage\":\"de\",\"potentialAction\":[{\"@type\":\"ReadAction\",\"target\":[\"https:\/\/mersch.done-team.com\/de\/taetigkeitsfelder\/bioingenieurwesen\/\"]}]},{\"@type\":\"BreadcrumbList\",\"@id\":\"https:\/\/mersch.done-team.com\/de\/taetigkeitsfelder\/bioingenieurwesen\/#breadcrumb\",\"itemListElement\":[{\"@type\":\"ListItem\",\"position\":1,\"name\":\"Home\",\"item\":\"https:\/\/mersch.done-team.com\/de\/\"},{\"@type\":\"ListItem\",\"position\":2,\"name\":\"T\u00e4tigkeitsfelder\",\"item\":\"https:\/\/mersch.done-team.com\/de\/taetigkeitsfelder\/\"},{\"@type\":\"ListItem\",\"position\":3,\"name\":\"Bioingenieurwesen\"}]},{\"@type\":\"WebSite\",\"@id\":\"https:\/\/mersch.done-team.com\/#website\",\"url\":\"https:\/\/mersch.done-team.com\/\",\"name\":\"Carlo Mersch\",\"description\":\"\",\"inLanguage\":\"de\"}]}<\/script>\n<!-- \/ Yoast SEO plugin. -->","yoast_head_json":{"title":"Bioingenieurwesen - Carlo Mersch","robots":{"index":"noindex","follow":"follow","max-snippet":"max-snippet:-1","max-image-preview":"max-image-preview:large","max-video-preview":"max-video-preview:-1"},"og_locale":"de_DE","og_type":"article","og_title":"Bioingenieurwesen - Carlo Mersch","og_description":"[vc_section full_width=&#8220;stretch_row&#8220; el_id=&#8220;activity-intro&#8220; css=&#8220;.vc_custom_1698662524805{background-image: url(\/wp-content\/uploads\/2023\/10\/genie-bio.png?id=193) !important;}&#8220;][vc_row el_id=&#8220;activity-intro-heading-row&#8220;][vc_column][vc_column_text] Bioingenieurwesen [\/vc_column_text][\/vc_column][\/vc_row][vc_row full_width=&#8220;stretch_row_content_no_spaces&#8220;][vc_column][vc_single_image image=&#8220;193&#8243; img_size=&#8220;full&#8220; alignment=&#8220;center&#8220; el_class=&#8220;no-space-img&#8220;][vc_column_text el_class=&#8220;hidden&#8220;]Expertise des B\u00fcros in der Kenntnis der nat\u00fcrlichen Lebensr\u00e4ume (Feuchtgebiete, Wasserl\u00e4ufe, Grasland, [\u2026]","og_url":"https:\/\/mersch.done-team.com\/de\/taetigkeitsfelder\/bioingenieurwesen\/","og_site_name":"Carlo Mersch","article_modified_time":"2023-10-30T10:46:29+00:00","og_image":[{"width":1200,"height":900,"url":"https:\/\/mersch.done-team.com\/wp-content\/uploads\/2023\/10\/Clervaux-lycee-berges-cours-deau.jpg","type":"image\/jpeg"}],"twitter_card":"summary_large_image","twitter_misc":{"Gesch\u00e4tzte Lesezeit":"1\u00a0Minute"},"schema":{"@context":"https:\/\/schema.org","@graph":[{"@type":"WebPage","@id":"https:\/\/mersch.done-team.com\/de\/taetigkeitsfelder\/bioingenieurwesen\/","url":"https:\/\/mersch.done-team.com\/de\/taetigkeitsfelder\/bioingenieurwesen\/","name":"Bioingenieurwesen - Carlo Mersch","isPartOf":{"@id":"https:\/\/mersch.done-team.com\/#website"},"datePublished":"2023-10-30T08:18:43+00:00","dateModified":"2023-10-30T10:46:29+00:00","breadcrumb":{"@id":"https:\/\/mersch.done-team.com\/de\/taetigkeitsfelder\/bioingenieurwesen\/#breadcrumb"},"inLanguage":"de","potentialAction":[{"@type":"ReadAction","target":["https:\/\/mersch.done-team.com\/de\/taetigkeitsfelder\/bioingenieurwesen\/"]}]},{"@type":"BreadcrumbList","@id":"https:\/\/mersch.done-team.com\/de\/taetigkeitsfelder\/bioingenieurwesen\/#breadcrumb","itemListElement":[{"@type":"ListItem","position":1,"name":"Home","item":"https:\/\/mersch.done-team.com\/de\/"},{"@type":"ListItem","position":2,"name":"T\u00e4tigkeitsfelder","item":"https:\/\/mersch.done-team.com\/de\/taetigkeitsfelder\/"},{"@type":"ListItem","position":3,"name":"Bioingenieurwesen"}]},{"@type":"WebSite","@id":"https:\/\/mersch.done-team.com\/#website","url":"https:\/\/mersch.done-team.com\/","name":"Carlo Mersch","description":"","inLanguage":"de"}]}},"_links":{"self":[{"href":"https:\/\/mersch.done-team.com\/de\/wp-json\/wp\/v2\/pages\/220","targetHints":{"allow":["GET"]}}],"collection":[{"href":"https:\/\/mersch.done-team.com\/de\/wp-json\/wp\/v2\/pages"}],"about":[{"href":"https:\/\/mersch.done-team.com\/de\/wp-json\/wp\/v2\/types\/page"}],"author":[{"embeddable":true,"href":"https:\/\/mersch.done-team.com\/de\/wp-json\/wp\/v2\/users\/1"}],"replies":[{"embeddable":true,"href":"https:\/\/mersch.done-team.com\/de\/wp-json\/wp\/v2\/comments?post=220"}],"version-history":[{"count":2,"href":"https:\/\/mersch.done-team.com\/de\/wp-json\/wp\/v2\/pages\/220\/revisions"}],"predecessor-version":[{"id":222,"href":"https:\/\/mersch.done-team.com\/de\/wp-json\/wp\/v2\/pages\/220\/revisions\/222"}],"up":[{"embeddable":true,"href":"https:\/\/mersch.done-team.com\/de\/wp-json\/wp\/v2\/pages\/123"}],"wp:featuredmedia":[{"embeddable":true,"href":"https:\/\/mersch.done-team.com\/de\/wp-json\/wp\/v2\/media\/200"}],"wp:attachment":[{"href":"https:\/\/mersch.done-team.com\/de\/wp-json\/wp\/v2\/media?parent=220"}],"curies":[{"name":"wp","href":"https:\/\/api.w.org\/{rel}","templated":true}]}}