{"id":312,"date":"2023-10-30T09:20:11","date_gmt":"2023-10-30T08:20:11","guid":{"rendered":"https:\/\/mersch.done-team.com\/societe\/"},"modified":"2023-10-30T12:45:02","modified_gmt":"2023-10-30T11:45:02","slug":"das-unternehmen","status":"publish","type":"page","link":"https:\/\/mersch.done-team.com\/de\/das-unternehmen\/","title":{"rendered":"Das Unternehmen"},"content":{"rendered":"<div class=\"wpb-content-wrapper\"><p>[vc_section full_width=&#8220;stretch_row&#8220; el_id=&#8220;intro&#8220; css=&#8220;.vc_custom_1698665469812{background: #95c11f url(\/wp-content\/uploads\/2023\/10\/Group-610-3.png?id=304) !important;}&#8220;][vc_row][vc_column width=&#8220;1\/2&#8243;][vc_column_text]<\/p>\n<h1 class=\"upper\">\u00dcber uns<\/h1>\n<p>[\/vc_column_text][\/vc_column][vc_column width=&#8220;1\/2&#8243;][\/vc_column][\/vc_row][vc_row full_width=&#8220;stretch_row_content_no_spaces&#8220; el_class=&#8220;skew-bot-row skew-bot-row-light&#8220;][vc_column][\/vc_column][\/vc_row][\/vc_section][vc_section full_width=&#8220;stretch_row&#8220; css=&#8220;.vc_custom_1698665521273{background-color: #95c11f !important;}&#8220; el_class=&#8220;top-pad-4&#8243;][vc_row el_class=&#8220;squeeze-row&#8220;][vc_column][vc_column_text el_class=&#8220;white&#8220;]Mersch Ing\u00e9nieurs-Paysagistes SARL wurde 2015 unter der Leitung von Carlo Mersch, Diplomingenieur f\u00fcr \u00d6kologie und Landschaftsplanung, an der Universit\u00e4t f\u00fcr Bodenkultur (BOKU) in Wien gegr\u00fcndet. Heute ist er von einem multidisziplin\u00e4ren Team aus Ingenieuren, Architekten und \u00d6kologen umgeben.<\/p>\n<p>Da das B\u00fcro Mersch seit 1996 im Bereich der Landschaftsgestaltung arbeitet, hat es Erfahrung und Sensibilit\u00e4t gesammelt. Wir arbeiten in verschiedenen Ma\u00dfst\u00e4ben, von gro\u00dfen Gebieten \u00fcber Parks und G\u00e4rten bis hin zu zahlreichen Landschaftstypen wie Industrie, l\u00e4ndliche Gebiete, Tourismus, Schulgel\u00e4nde, Flussufer, Spielpl\u00e4tze, Pl\u00e4tze, D\u00e4cher, W\u00e4lder, &#8230;<\/p>\n<p>Unsere Sorge um die Umwelt verbindet sich mit der Sorge um das menschliche Wohlbefinden und erm\u00f6glicht es uns, Orte des Lebens und des Austauschs zu schaffen, an denen der Mensch wieder mit der Natur in Kontakt kommt.<\/p>\n<p>Die Kraft unserer Projekte bezieht ihre Eleganz aus einer gewissen N\u00fcchternheit, aber auch aus der Aufwertung dieser spontanen und einheimischen Natur, die das lebendige Erbe widerspiegelt.[\/vc_column_text][vc_btn title=&#8220;Fiche de prestations&#8220; align=&#8220;center&#8220; link=&#8220;url:%2Fwp-content%2Fuploads%2F2022%2F06%2FIA_FICHE-PRESTATIONS_205x292_web.pdf|target:_blank&#8220; el_class=&#8220;cta-btn cta-btn-white hidden&#8220;][\/vc_column][\/vc_row][vc_row full_width=&#8220;stretch_row_content_no_spaces&#8220; el_class=&#8220;skew-bot-row skew-bot-row-special&#8220;][vc_column][\/vc_column][\/vc_row][\/vc_section][vc_section full_width=&#8220;stretch_row&#8220; css=&#8220;.vc_custom_1698665543771{background-color: #688816 !important;}&#8220; el_class=&#8220;top-pad-6&#8243;][vc_row][vc_column][vc_column_text]<\/p>\n<h2 class=\"al-center white upper bot-mar-2\">Die Bausteine unseres Erfolgs<\/h2>\n<p>[\/vc_column_text][\/vc_column][\/vc_row][vc_row el_id=&#8220;value-row&#8220;][vc_column width=&#8220;1\/3&#8243;][vc_single_image image=&#8220;302&#8243; img_size=&#8220;full&#8220; alignment=&#8220;center&#8220;][vc_column_text el_class=&#8220;white&#8220;]<\/p>\n<h3 class=\"upper\">Zuh\u00f6ren<\/h3>\n<p>Unabh\u00e4ngig von seiner Art muss jedes Projekt, je nach dem vom Kunden gew\u00fcnschten Zweck, Gegenstand einer individuellen Analyse sein. InterAlia m\u00f6chte seinen Gespr\u00e4chspartnern einen personalisierten Ansatz bieten, sowohl auf menschlicher als auch auf technischer Ebene. Unsere Teams werden sich stets bem\u00fchen, Ihre Bed\u00fcrfnisse zu analysieren und Sie objektiv und effizient zu Ihren Projekten zu beraten.[\/vc_column_text][\/vc_column][vc_column width=&#8220;1\/3&#8243;][vc_single_image image=&#8220;306&#8243; img_size=&#8220;full&#8220; alignment=&#8220;center&#8220;][vc_column_text el_class=&#8220;white&#8220;]<\/p>\n<h3 class=\"upper\">Qualit\u00e4t<\/h3>\n<p>Dank unserer kompetenten und erfahrenen Mitarbeiter und unserer Politik der st\u00e4ndigen internen und externen Weiterbildung sind wir in der Lage, komplexe Aufgaben anzugehen und angepasste, optimierte und innovative L\u00f6sungen zu entwerfen. Unser Streben nach kontinuierlicher Verbesserung und Exzellenz erm\u00f6glicht es uns, unseren Kunden qualitativ hochwertige Leistungen anzubieten, die einen echten Mehrwert f\u00fcr Ihre Projekte garantieren.[\/vc_column_text][\/vc_column][vc_column width=&#8220;1\/3&#8243;][vc_single_image image=&#8220;296&#8243; img_size=&#8220;full&#8220; alignment=&#8220;center&#8220;][vc_column_text el_class=&#8220;white&#8220;]<\/p>\n<h3 class=\"upper\">Pluridisziplinarit\u00e4t<\/h3>\n<p>Wir legen gro\u00dfen Wert auf Teamarbeit. Unsere Mitarbeiter sind auf komplement\u00e4re Bereiche spezialisiert und vereinen hochspezialisierte Kenntnisse in Hydrogeologie, Wassergewinnung und -entsorgung, Agronomie, Bodenkunde, Agrarumwelt, Raumplanung, Projektmanagement, &#8230; Au\u00dferdem k\u00f6nnen wir durch die Zusammenarbeit mit den verschiedenen Unternehmen der LSC-Gruppe auf zahlreiche Expertisen aus T\u00e4tigkeitsbereichen zur\u00fcckgreifen, die mit unseren in Verbindung stehen (Hydrologie, Geologie, Geografie, GIS, Forstwirtschaft, Stadtplanung, Bauingenieurwesen, &#8230;). Die Kombination des Ganzen durch ein kollaboratives und transversales Management unserer Projekte erm\u00f6glicht es uns, die Komplexit\u00e4t und Vielfalt der Studien und Realisierungen zu gew\u00e4hrleisten.[\/vc_column_text][\/vc_column][\/vc_row][vc_row full_width=&#8220;stretch_row_content_no_spaces&#8220; el_class=&#8220;skew-bot-row skew-bot-row-white top-mar-4&#8243;][vc_column][\/vc_column][\/vc_row][\/vc_section][vc_section el_class=&#8220;team-sec top-pad-4&#8243;][vc_row][vc_column][vc_column_text]<\/p>\n<h2 class=\"al-center upper bot-mar-3\">Gesch\u00e4ftsf\u00fchrung<\/h2>\n<p>[\/vc_column_text][\/vc_column][\/vc_row][vc_row full_width=&#8220;stretch_row_content&#8220; equal_height=&#8220;yes&#8220; el_class=&#8220;team-row&#8220; el_id=&#8220;directors-row&#8220;][vc_column width=&#8220;1\/4&#8243;][\/vc_column][vc_column width=&#8220;1\/4&#8243;][vc_single_image image=&#8220;300&#8243; img_size=&#8220;full&#8220; alignment=&#8220;center&#8220; el_class=&#8220;no-space-img&#8220;][vc_column_text el_class=&#8220;team-desc&#8220;]<\/p>\n<h6>Carlo Mersch<\/h6>\n<p><span class=\"team-position\">Ingenieur f\u00fcr \u00d6kologie und Landschaftsgestaltung \/ Gesch\u00e4ftsf\u00fchrer<\/span>[\/vc_column_text][\/vc_column][vc_column width=&#8220;1\/4&#8243;][vc_single_image image=&#8220;298&#8243; img_size=&#8220;full&#8220; alignment=&#8220;center&#8220; el_class=&#8220;no-space-img&#8220;][vc_column_text el_class=&#8220;team-social-overlay&#8220;]<a href=\"https:\/\/www.linkedin.com\/in\/anita-baum-856980104\/\" target=\"_blank\" rel=\"nofollow noopener\"><i class=\"fab fa-linkedin-in\"><span class=\"social-placeholder\">.<\/span><\/i><\/a>[\/vc_column_text][vc_column_text el_class=&#8220;team-desc&#8220;]<\/p>\n<h6>Anita Baum<\/h6>\n<p><span class=\"team-position\">Ing\u00e9nieur Raum- und Umweltplanung \/ Mitgesch\u00e4ftsf\u00fchrerin<\/span>[\/vc_column_text][\/vc_column][vc_column width=&#8220;1\/4&#8243;][\/vc_column][\/vc_row][\/vc_section][vc_section full_width=&#8220;stretch_row&#8220; disable_element=&#8220;yes&#8220; css=&#8220;.vc_custom_1679489461666{padding-top: 0px !important;background-image: url(\/wp-content\/uploads\/2022\/06\/Mask-Group-177.jpg?id=164) !important;}&#8220;][vc_row full_width=&#8220;stretch_row_content_no_spaces&#8220; el_class=&#8220;skew-top-row skew-top-row-white&#8220;][vc_column][\/vc_column][\/vc_row][vc_row equal_height=&#8220;yes&#8220; content_placement=&#8220;middle&#8220; el_class=&#8220;top-mar-4&#8243;][vc_column width=&#8220;1\/3&#8243;][vc_single_image image=&#8220;162&#8243; img_size=&#8220;full&#8220; alignment=&#8220;center&#8220; css=&#8220;.vc_custom_1655376142779{margin-bottom: 0px !important;}&#8220;][\/vc_column][vc_column width=&#8220;2\/3&#8243;][vc_column_text]<\/p>\n<h3 id=\"rse-heading\" class=\"upper al-center\"><strong>Notre d\u00e9marche RSE<\/strong><\/h3>\n<p>[\/vc_column_text][vc_column_text]<strong>Le 2 juillet 2019<\/strong>, la soci\u00e9t\u00e9 a souhait\u00e9 concr\u00e9tiser ses valeurs \u00e9thiques en d\u00e9veloppant son approche RSE (Responsabilit\u00e9 Sociale et Environnementale) par le biais de la labellisation <strong>Entreprise Socialement Responsable (ESR)<\/strong>. Aujourd\u2019hui, la RSE, au m\u00eame titre que la qualit\u00e9, est une <strong>composante \u00e0 part enti\u00e8re de notre d\u00e9marche d\u2019am\u00e9lioration continue<\/strong>. Centralis\u00e9 au niveau du groupe, c\u2019est notre Syst\u00e8me de Management Int\u00e9gr\u00e9 (SMI) qui assure le suivi et la mise en \u0153uvre des actions en la mati\u00e8re.[\/vc_column_text][vc_btn title=&#8220;En savoir plus sur notre d\u00e9marche RSE&#8220; align=&#8220;center&#8220; link=&#8220;url:https%3A%2F%2Flsc-group.lu%2Fnos-engagements%2F|target:_blank&#8220; el_class=&#8220;cta-btn&#8220;][\/vc_column][\/vc_row][vc_row full_width=&#8220;stretch_row_content_no_spaces&#8220; el_class=&#8220;skew-bot-row skew-bot-row-white&#8220;][vc_column][\/vc_column][\/vc_row][\/vc_section][vc_section el_class=&#8220;top-mar-4&#8243;][vc_row][vc_column][vc_column_text]<\/p>\n<h2 class=\"al-center upper\"><strong>Die Gruppe<\/strong><\/h2>\n<p>[\/vc_column_text][vc_column_text el_class=&#8220;black&#8220;]Die <strong>LSC Engineering Group<\/strong>, die aus der langj\u00e4hrigen Zusammenarbeit von Simon-Christiansen &#038; Associ\u00e9s mit Luxplan hervorgegangen ist, umfasst heute <strong>neun Unternehmen in Luxemburg <\/strong>und <strong>sechs Unternehmen im Ausland<\/strong>.<\/p>\n<p>Diese Unternehmen b\u00fcndeln jeden Tag ihr Know-how, um den Anforderungen des Markts im <strong>Baubereich und auf dem Gebiet der Raumordnung <\/strong>gerecht zu werden. Mit den angebotenen Leistungen strebt die Gruppe danach, die Bau-, Renovierungs- oder Umbauprojekte <strong>ihrer Kunden in allen Phasen betreuen zu k\u00f6nnen<\/strong>.<\/p>\n<p>Dank des Engagements und des Fachwissens ihres erfahrenen und bereichs\u00fcbergreifend t\u00e4tigen Personals konnte sich die Gruppe im Laufe ihres <strong>45-j\u00e4hrigen Bestehens <\/strong>zu einem <strong>der Marktf\u00fchrer dieser Branche in Luxemburg <\/strong>aufschwingen. Heute hat die Gruppe, die sich durch die Vielfalt ihrer Besch\u00e4ftigten auszeichnet, mehr als <strong>350 Mitarbeiter<\/strong>, wobei sich die Teams aus jungen, dynamischen Talenten und erfahrenen Arbeitnehmern zusammensetzen.[\/vc_column_text][\/vc_column][\/vc_row][vc_row][vc_column][vc_btn title=&#8220;Voir le site du groupe&#8220; align=&#8220;center&#8220; link=&#8220;url:https%3A%2F%2Flsc-group.lu|target:_blank&#8220; el_class=&#8220;cta-btn&#8220;][\/vc_column][\/vc_row][vc_row][vc_column][vc_column_text el_class=&#8220;al-center black bordered-content top-mar-4 bot-mar-4&#8243;]<strong>Die h\u00e4ufige Zusammenarbeit und die N\u00e4he zu den anderen Unternehmen der Gruppe sind zweifellos ein gro\u00dfer Vorteil f\u00fcr Carlo Mersch. Denn obwohl wir eine breite Palette an Dienstleistungen anbieten, kann die Zusammenarbeit mit anderen erstklassigen Partnerb\u00fcros bei der Durchf\u00fchrung komplexer Projekte hilfreich sein.<\/strong>[\/vc_column_text][\/vc_column][\/vc_row][vc_row][vc_column][vc_images_carousel images=&#8220;280,268,270,272,274,286,284,288,290,282,292,294,278,276&#8243; img_size=&#8220;full&#8220; onclick=&#8220;custom_link&#8220; custom_links_target=&#8220;_blank&#8220; speed=&#8220;3000&#8243; slides_per_view=&#8220;5&#8243; autoplay=&#8220;yes&#8220; hide_pagination_control=&#8220;yes&#8220; wrap=&#8220;yes&#8220; el_id=&#8220;company-logos&#8220; custom_links=&#8220;#E-8_aHR0cHMlM0ElMkYlMkZiZmgtaW5nZW5pZXVyZS5kZSUyRiUyQ2h0dHBzJTNBJTJGJTJGYnNjLmx1JTJGJTJDaHR0cHMlM0ElMkYlMkZkZXZvbHV4Lmx1JTJGJTJDaHR0cHMlM0ElMkYlMkZnZW9jb25zZWlscy5sdSUyRiUyQ2h0dHBzJTNBJTJGJTJGZ2VvY29uc2VpbHMubHUlMkYlMkNodHRwcyUzQSUyRiUyRmludGVyYWxpYS5sdSUyRiUyQ2h0dHBzJTNBJTJGJTJGbHNjLWVudi5sdSUyRiUyQ2h0dHBzJTNBJTJGJTJGbHV4cGxhbi5sdSUyRiUyQ2h0dHBzJTNBJTJGJTJGbHV4c2Vuc2UubHUlMkYlMkNodHRwcyUzQSUyRiUyRnNjYWZyaXF1ZS5jb20lMkYlMkNodHRwcyUzQSUyRiUyRnNjLWZyYW5jZS5mciUyRiUyQ2h0dHBzJTNBJTJGJTJGc2ltb24tY2hyaXN0aWFuc2VuLmx1JTJGJTJDaHR0cHMlM0ElMkYlMkZza2lsbHNjZW50ZXIubHUlMkYlMkNodHRwcyUzQSUyRiUyRnppbG1wbGFuLmx1JTJG&#8220;][\/vc_column][\/vc_row][\/vc_section]<\/p>\n<\/div>","protected":false},"excerpt":{"rendered":"<p>[vc_section full_width=&#8220;stretch_row&#8220; el_id=&#8220;intro&#8220; css=&#8220;.vc_custom_1698665469812{background: #95c11f url(\/wp-content\/uploads\/2023\/10\/Group-610-3.png?id=304) !important;}&#8220;][vc_row][vc_column width=&#8220;1\/2&#8243;][vc_column_text] \u00dcber uns [\/vc_column_text][\/vc_column][vc_column width=&#8220;1\/2&#8243;][\/vc_column][\/vc_row][vc_row full_width=&#8220;stretch_row_content_no_spaces&#8220; el_class=&#8220;skew-bot-row skew-bot-row-light&#8220;][vc_column][\/vc_column][\/vc_row][\/vc_section][vc_section full_width=&#8220;stretch_row&#8220; css=&#8220;.vc_custom_1698665521273{background-color: #95c11f !important;}&#8220; el_class=&#8220;top-pad-4&#8243;][vc_row el_class=&#8220;squeeze-row&#8220;][vc_column][vc_column_text el_class=&#8220;white&#8220;]Mersch Ing\u00e9nieurs-Paysagistes SARL wurde 2015<span class=\"excerpt-hellip\"> [\u2026]<\/span><\/p>\n","protected":false},"author":1,"featured_media":0,"parent":0,"menu_order":0,"comment_status":"closed","ping_status":"closed","template":"","meta":{"footnotes":""},"class_list":["post-312","page","type-page","status-publish","hentry"],"yoast_head":"<!-- This site is optimized with the Yoast SEO plugin v21.4 - https:\/\/yoast.com\/wordpress\/plugins\/seo\/ -->\n<title>Das Unternehmen - Carlo Mersch<\/title>\n<meta name=\"robots\" content=\"noindex, follow, max-snippet:-1, max-image-preview:large, max-video-preview:-1\" \/>\n<meta property=\"og:locale\" content=\"de_DE\" \/>\n<meta property=\"og:type\" content=\"article\" \/>\n<meta property=\"og:title\" content=\"Das Unternehmen - Carlo Mersch\" \/>\n<meta property=\"og:description\" content=\"[vc_section full_width=&#8220;stretch_row&#8220; el_id=&#8220;intro&#8220; css=&#8220;.vc_custom_1698665469812{background: #95c11f url(\/wp-content\/uploads\/2023\/10\/Group-610-3.png?id=304) !important;}&#8220;][vc_row][vc_column width=&#8220;1\/2&#8243;][vc_column_text] \u00dcber uns [\/vc_column_text][\/vc_column][vc_column width=&#8220;1\/2&#8243;][\/vc_column][\/vc_row][vc_row full_width=&#8220;stretch_row_content_no_spaces&#8220; el_class=&#8220;skew-bot-row skew-bot-row-light&#8220;][vc_column][\/vc_column][\/vc_row][\/vc_section][vc_section full_width=&#8220;stretch_row&#8220; css=&#8220;.vc_custom_1698665521273{background-color: #95c11f !important;}&#8220; el_class=&#8220;top-pad-4&#8243;][vc_row el_class=&#8220;squeeze-row&#8220;][vc_column][vc_column_text el_class=&#8220;white&#8220;]Mersch Ing\u00e9nieurs-Paysagistes SARL wurde 2015 [\u2026]\" \/>\n<meta property=\"og:url\" content=\"https:\/\/mersch.done-team.com\/de\/das-unternehmen\/\" \/>\n<meta property=\"og:site_name\" content=\"Carlo Mersch\" \/>\n<meta property=\"article:modified_time\" content=\"2023-10-30T11:45:02+00:00\" \/>\n<meta name=\"twitter:card\" content=\"summary_large_image\" \/>\n<meta name=\"twitter:label1\" content=\"Gesch\u00e4tzte Lesezeit\" \/>\n\t<meta name=\"twitter:data1\" content=\"4\u00a0Minuten\" \/>\n<script type=\"application\/ld+json\" class=\"yoast-schema-graph\">{\"@context\":\"https:\/\/schema.org\",\"@graph\":[{\"@type\":\"WebPage\",\"@id\":\"https:\/\/mersch.done-team.com\/de\/das-unternehmen\/\",\"url\":\"https:\/\/mersch.done-team.com\/de\/das-unternehmen\/\",\"name\":\"Das Unternehmen - Carlo Mersch\",\"isPartOf\":{\"@id\":\"https:\/\/mersch.done-team.com\/#website\"},\"datePublished\":\"2023-10-30T08:20:11+00:00\",\"dateModified\":\"2023-10-30T11:45:02+00:00\",\"breadcrumb\":{\"@id\":\"https:\/\/mersch.done-team.com\/de\/das-unternehmen\/#breadcrumb\"},\"inLanguage\":\"de\",\"potentialAction\":[{\"@type\":\"ReadAction\",\"target\":[\"https:\/\/mersch.done-team.com\/de\/das-unternehmen\/\"]}]},{\"@type\":\"BreadcrumbList\",\"@id\":\"https:\/\/mersch.done-team.com\/de\/das-unternehmen\/#breadcrumb\",\"itemListElement\":[{\"@type\":\"ListItem\",\"position\":1,\"name\":\"Home\",\"item\":\"https:\/\/mersch.done-team.com\/de\/\"},{\"@type\":\"ListItem\",\"position\":2,\"name\":\"Das Unternehmen\"}]},{\"@type\":\"WebSite\",\"@id\":\"https:\/\/mersch.done-team.com\/#website\",\"url\":\"https:\/\/mersch.done-team.com\/\",\"name\":\"Carlo Mersch\",\"description\":\"\",\"inLanguage\":\"de\"}]}<\/script>\n<!-- \/ Yoast SEO plugin. -->","yoast_head_json":{"title":"Das Unternehmen - Carlo Mersch","robots":{"index":"noindex","follow":"follow","max-snippet":"max-snippet:-1","max-image-preview":"max-image-preview:large","max-video-preview":"max-video-preview:-1"},"og_locale":"de_DE","og_type":"article","og_title":"Das Unternehmen - Carlo Mersch","og_description":"[vc_section full_width=&#8220;stretch_row&#8220; el_id=&#8220;intro&#8220; css=&#8220;.vc_custom_1698665469812{background: #95c11f url(\/wp-content\/uploads\/2023\/10\/Group-610-3.png?id=304) !important;}&#8220;][vc_row][vc_column width=&#8220;1\/2&#8243;][vc_column_text] \u00dcber uns [\/vc_column_text][\/vc_column][vc_column width=&#8220;1\/2&#8243;][\/vc_column][\/vc_row][vc_row full_width=&#8220;stretch_row_content_no_spaces&#8220; el_class=&#8220;skew-bot-row skew-bot-row-light&#8220;][vc_column][\/vc_column][\/vc_row][\/vc_section][vc_section full_width=&#8220;stretch_row&#8220; css=&#8220;.vc_custom_1698665521273{background-color: #95c11f !important;}&#8220; el_class=&#8220;top-pad-4&#8243;][vc_row el_class=&#8220;squeeze-row&#8220;][vc_column][vc_column_text el_class=&#8220;white&#8220;]Mersch Ing\u00e9nieurs-Paysagistes SARL wurde 2015 [\u2026]","og_url":"https:\/\/mersch.done-team.com\/de\/das-unternehmen\/","og_site_name":"Carlo Mersch","article_modified_time":"2023-10-30T11:45:02+00:00","twitter_card":"summary_large_image","twitter_misc":{"Gesch\u00e4tzte Lesezeit":"4\u00a0Minuten"},"schema":{"@context":"https:\/\/schema.org","@graph":[{"@type":"WebPage","@id":"https:\/\/mersch.done-team.com\/de\/das-unternehmen\/","url":"https:\/\/mersch.done-team.com\/de\/das-unternehmen\/","name":"Das Unternehmen - Carlo Mersch","isPartOf":{"@id":"https:\/\/mersch.done-team.com\/#website"},"datePublished":"2023-10-30T08:20:11+00:00","dateModified":"2023-10-30T11:45:02+00:00","breadcrumb":{"@id":"https:\/\/mersch.done-team.com\/de\/das-unternehmen\/#breadcrumb"},"inLanguage":"de","potentialAction":[{"@type":"ReadAction","target":["https:\/\/mersch.done-team.com\/de\/das-unternehmen\/"]}]},{"@type":"BreadcrumbList","@id":"https:\/\/mersch.done-team.com\/de\/das-unternehmen\/#breadcrumb","itemListElement":[{"@type":"ListItem","position":1,"name":"Home","item":"https:\/\/mersch.done-team.com\/de\/"},{"@type":"ListItem","position":2,"name":"Das Unternehmen"}]},{"@type":"WebSite","@id":"https:\/\/mersch.done-team.com\/#website","url":"https:\/\/mersch.done-team.com\/","name":"Carlo Mersch","description":"","inLanguage":"de"}]}},"_links":{"self":[{"href":"https:\/\/mersch.done-team.com\/de\/wp-json\/wp\/v2\/pages\/312","targetHints":{"allow":["GET"]}}],"collection":[{"href":"https:\/\/mersch.done-team.com\/de\/wp-json\/wp\/v2\/pages"}],"about":[{"href":"https:\/\/mersch.done-team.com\/de\/wp-json\/wp\/v2\/types\/page"}],"author":[{"embeddable":true,"href":"https:\/\/mersch.done-team.com\/de\/wp-json\/wp\/v2\/users\/1"}],"replies":[{"embeddable":true,"href":"https:\/\/mersch.done-team.com\/de\/wp-json\/wp\/v2\/comments?post=312"}],"version-history":[{"count":2,"href":"https:\/\/mersch.done-team.com\/de\/wp-json\/wp\/v2\/pages\/312\/revisions"}],"predecessor-version":[{"id":314,"href":"https:\/\/mersch.done-team.com\/de\/wp-json\/wp\/v2\/pages\/312\/revisions\/314"}],"wp:attachment":[{"href":"https:\/\/mersch.done-team.com\/de\/wp-json\/wp\/v2\/media?parent=312"}],"curies":[{"name":"wp","href":"https:\/\/api.w.org\/{rel}","templated":true}]}}