{"id":324,"date":"2023-10-30T09:16:28","date_gmt":"2023-10-30T08:16:28","guid":{"rendered":"https:\/\/mersch.done-team.com\/home\/"},"modified":"2023-11-30T12:23:34","modified_gmt":"2023-11-30T11:23:34","slug":"home","status":"publish","type":"page","link":"https:\/\/mersch.done-team.com\/de\/","title":{"rendered":"Home"},"content":{"rendered":"<div class=\"wpb-content-wrapper\"><p>[vc_section full_width=&#8220;stretch_row&#8220; el_id=&#8220;intro&#8220; css=&#8220;.vc_custom_1698666611531{background: #95c11f url(\/wp-content\/uploads\/2023\/10\/Group-774.png?id=316) !important;}&#8220;][vc_row][vc_column width=&#8220;1\/2&#8243;][\/vc_column][vc_column width=&#8220;1\/2&#8243;][vc_column_text]<\/p>\n<h1 class=\"upper\">Mersch Ing\u00e9nieurs-Paysagistes<\/h1>\n<p>[\/vc_column_text][vc_column_text css=&#8220;.vc_custom_1698667047876{margin-bottom: 0px !important;}&#8220; el_id=&#8220;intro-text&#8220;]<strong>Das B\u00fcro Mersch Ing\u00e9nieurs-Paysagistes SARL hat fast 300 Realisierungen und Studien durchgef\u00fchrt. Unsere Auftr\u00e4ge umfassen alle Projektphasen wie Konzeption, Planung und Bauleitung.<\/strong>[\/vc_column_text][vc_btn title=&#8220;Mehr \u00fcber uns erfahren&#8220; link=&#8220;url:%2Fde%2Fdas-unternehmen%2F|title:Das%20Unternehmen&#8220; el_class=&#8220;cta-btn upper&#8220;][\/vc_column][\/vc_row][vc_row full_width=&#8220;stretch_row_content_no_spaces&#8220; el_class=&#8220;skew-bot-row skew-bot-row-light&#8220;][vc_column][\/vc_column][\/vc_row][\/vc_section][vc_section full_width=&#8220;stretch_row&#8220; css=&#8220;.vc_custom_1698666595830{background-color: #95c11f !important;}&#8220; el_class=&#8220;top-pad-4&#8243; el_id=&#8220;home-activity-sec&#8220;][vc_row el_class=&#8220;bot-mar-4&#8243;][vc_column][vc_column_text el_class=&#8220;al-center white&#8220;]<\/p>\n<h2 class=\"upper\">T\u00e4tigkeitsfelder<\/h2>\n<p>[\/vc_column_text][\/vc_column][\/vc_row][vc_row el_id=&#8220;home-activity-slider-wrap&#8220;][vc_column][vc_row_inner][vc_column_inner][vc_single_image image=&#8220;131&#8243; img_size=&#8220;full&#8220; alignment=&#8220;center&#8220; onclick=&#8220;custom_link&#8220; el_class=&#8220;no-space-img&#8220; link=&#8220;\/de\/taetigkeitsfelder\/landschaftsgestaltung\/&#8220;][vc_column_text]<\/p>\n<h3 class=\"activity-slider-head\">Landschaftsgestaltung<\/h3>\n<p class=\"activity-slider-excerpt\">Von der ersten Skizze bis zur Bauleitung realisiert das B\u00fcro Mersch Ing\u00e9nieurs-paysagistes Landschaftsgestaltungen f\u00fcr \u00f6ffentliche und private Akteure.<\/p>\n<p>[\/vc_column_text][\/vc_column_inner][\/vc_row_inner][vc_row_inner][vc_column_inner][vc_single_image image=&#8220;174&#8243; img_size=&#8220;full&#8220; alignment=&#8220;center&#8220; onclick=&#8220;custom_link&#8220; el_class=&#8220;no-space-img&#8220; link=&#8220;\/de\/taetigkeitsfelder\/raumplanung-umweltstudie\/&#8220;][vc_column_text]<\/p>\n<h3 class=\"activity-slider-head\">Raumplanung &#8211; Umweltstudie<\/h3>\n<p class=\"activity-slider-excerpt\">Das B\u00fcro Mersch Ing\u00e9nieurs-Paysagistes ist beim Ministerium f\u00fcr Umwelt, Klima und nachhaltige Entwicklung zugelassen&#8230;<\/p>\n<p>[\/vc_column_text][\/vc_column_inner][\/vc_row_inner][vc_row_inner][vc_column_inner][vc_single_image image=&#8220;199&#8243; img_size=&#8220;full&#8220; alignment=&#8220;center&#8220; onclick=&#8220;custom_link&#8220; el_class=&#8220;no-space-img&#8220; link=&#8220;\/de\/taetigkeitsfelder\/bioingenieurwesen\/&#8220;][vc_column_text]<\/p>\n<h3 class=\"activity-slider-head\">Bioingenieurwesen<\/h3>\n<p class=\"activity-slider-excerpt\">Expertise des B\u00fcros in der Kenntnis der nat\u00fcrlichen Lebensr\u00e4ume (Feuchtgebiete, Wasserl\u00e4ufe, Grasland, Wiesen, Waldlandschaften) und ihrer Biodiversit\u00e4t in Luxemburg.<\/p>\n<p>[\/vc_column_text][\/vc_column_inner][\/vc_row_inner][\/vc_column][\/vc_row][vc_row][vc_column][vc_raw_html]JTNDc2NyaXB0JTIwc3JjJTNEJTIyJTJGd3AtY29udGVudCUyRnBsdWdpbnMlMkZsc2MtZnJvbnRlbmQtZW50aXR5JTJGaW5jbHVkZXMlMkZvd2wtY2Fyb3VzZWwtMiUyRmRpc3QlMkZvd2wuY2Fyb3VzZWwubWluLmpzJTNGdmVyJTNENS45JTIyJTNFJTNDJTJGc2NyaXB0JTNFJTBBJTNDbGluayUyMHJlbCUzRCUyMnN0eWxlc2hlZXQlMjIlMjBpZCUzRCUyMm93bC1jYXJvdXNlbC1zdHlsZXMtY3NzJTIyJTIwaHJlZiUzRCUyMiUyRndwLWNvbnRlbnQlMkZwbHVnaW5zJTJGbHNjLWZyb250ZW5kLWVudGl0eSUyRmluY2x1ZGVzJTJGb3dsLWNhcm91c2VsLTIlMkZkaXN0JTJGYXNzZXRzJTJGb3dsLmNhcm91c2VsLmNzcyUzRnZlciUzRDUuOSUyMiUyMHR5cGUlM0QlMjJ0ZXh0JTJGY3NzJTIyJTIwbWVkaWElM0QlMjJhbGwlMjIlM0UlMEElMEElM0NzY3JpcHQlM0UlMEFqUXVlcnklMjhmdW5jdGlvbiUyOCUyOSU3QiUwQWpRdWVyeSUyOCUyNyUyM2hvbWUtYWN0aXZpdHktc2xpZGVyLXdyYXAlMjAlM0UlMjBkaXYlMjAlM0UlMjBkaXYlMjAlM0UlMjAud3BiX3dyYXBwZXIlMjclMjkuYWRkQ2xhc3MlMjglMjdvd2wtdGhlbWUlMjclMjkuYWRkQ2xhc3MlMjglMjdvd2wtY2Fyb3VzZWwlMjclMjkub3dsQ2Fyb3VzZWwlMjglN0IlMEFtYXJnaW4lM0ElMjA2MCUyQyUwQSUwOSUwOWl0ZW1zJTNBJTIwMyUyQyUwQWNlbnRlciUzQSUyMHRydWUlMkMlMEFhdXRvcGxheSUzQSUyMHRydWUlMkMlMEFhdXRvcGxheVNwZWVkJTNBJTIwMTAwMCUyQyUwQWF1dG9wbGF5SW50ZXJ2YWwlM0ElMjAzMDAwJTJDJTBBbmF2JTNBJTIwdHJ1ZSUyQyUwQWxvb3AlM0ElMjB0cnVlJTJDJTBBcmVzcG9uc2l2ZSUyMCUzQSUyMCUwQSU3QiUwQSUyMCUyMDAlMjAlM0ElMjAlN0IlMjBpdGVtcyUzQSUyMDElMkMlMjBjZW50ZXIlMjAlM0ElMjBmYWxzZSUyQyUyMG1hcmdpbiUzQTEwJTIwJTdEJTJDJTIwJTIwJTBBJTIwJTIwNDgwJTIwJTNBJTIwJTdCJTIwaXRlbXMlMjAlM0ElMjAyJTJDJTIwY2VudGVyJTIwJTNBJTIwZmFsc2UlMkMlMjBtYXJnaW4lM0E0MCUyMCU3RCUyQyUwQSUyMCUyMDEyNDAlMjAlM0ElMjAlN0IlMjBpdGVtcyUyMCUzQSUyMDMlMjAlN0QlMEElN0QlMEElMDklN0QlMjklMEElN0QlMjklM0IlMEElM0MlMkZzY3JpcHQlM0U=[\/vc_raw_html][\/vc_column][\/vc_row][vc_row el_class=&#8220;top-mar-4 bot-mar-2 cta-row&#8220;][vc_column][vc_btn title=&#8220;Alle ansehen&#8220; align=&#8220;center&#8220; link=&#8220;url:%2Fde%2Ftaetigkeitsfelder%2F|title:T%C3%A4tigkeitsfelder&#8220; el_class=&#8220;cta-btn cta-btn-white&#8220;][\/vc_column][\/vc_row][vc_row full_width=&#8220;stretch_row_content_no_spaces&#8220; disable_element=&#8220;yes&#8220; el_class=&#8220;skew-bot-row skew-bot-row-dark&#8220;][vc_column][\/vc_column][\/vc_row][\/vc_section][vc_section full_width=&#8220;stretch_row&#8220; css=&#8220;.vc_custom_1698666765490{padding-top: 0px !important;background-image: url(\/wp-content\/uploads\/2023\/10\/Mask-Group-150.png?id=318) !important;}&#8220;][vc_row full_width=&#8220;stretch_row_content_no_spaces&#8220; el_class=&#8220;skew-top-row skew-top-row-light&#8220; el_id=&#8220;refskew&#8220;][vc_column][\/vc_column][\/vc_row][vc_row equal_height=&#8220;yes&#8220; content_placement=&#8220;middle&#8220; el_id=&#8220;ref-grid&#8220;][vc_column width=&#8220;1\/3&#8243;][vc_column_text el_class=&#8220;white&#8220;]<\/p>\n<h2 class=\"upper\">Referenzen<\/h2>\n<p>Entdecken Sie mehrere unserer Projekte, die das Know-how der Unternehmen der Gruppe widerspiegeln.[\/vc_column_text][vc_btn title=&#8220;Alle ansehen&#8220; align=&#8220;left&#8220; link=&#8220;url:%2Fde%2Freferenzen%2F|title:Referenzen&#8220; el_class=&#8220;cta-btn cta-btn-white mob-hide-767&#8243;][\/vc_column][vc_column width=&#8220;2\/3&#8243;][vc_basic_grid post_type=&#8220;post&#8220; max_items=&#8220;4&#8243; element_width=&#8220;6&#8243; item=&#8220;231&#8243; grid_id=&#8220;vc_gid:1701343387558-133c5c2b-5420-8&#8243; taxonomies=&#8220;17&#8243;][\/vc_column][\/vc_row][vc_row el_class=&#8220;mob-block-767&#8243;][vc_column][vc_btn title=&#8220;Alle ansehen&#8220; align=&#8220;center&#8220; link=&#8220;url:%2Fde%2Freferenzen%2F|title:Referenzen&#8220; el_class=&#8220;cta-btn cta-btn-white&#8220;][\/vc_column][\/vc_row][vc_row full_width=&#8220;stretch_row_content_no_spaces&#8220; el_class=&#8220;skew-bot-row skew-bot-row-white&#8220;][vc_column][\/vc_column][\/vc_row][\/vc_section][vc_section css=&#8220;.vc_custom_1655459453513{padding-top: 0px !important;}&#8220;][vc_row full_width=&#8220;stretch_row_content_no_spaces&#8220; disable_element=&#8220;yes&#8220; el_class=&#8220;skew-top-row skew-top-row-light&#8220;][vc_column][\/vc_column][\/vc_row][vc_row el_class=&#8220;top-mar-2 bot-mar-4&#8243;][vc_column][vc_column_text]<\/p>\n<h2 class=\"al-center upper\">Aktuelles<\/h2>\n<p>[\/vc_column_text][\/vc_column][\/vc_row][vc_row el_class=&#8220;actualite-grid&#8220;][vc_column][vc_basic_grid post_type=&#8220;post&#8220; max_items=&#8220;3&#8243; item=&#8220;234&#8243; grid_id=&#8220;vc_gid:1701343387560-f1b397ab-2661-6&#8243; taxonomies=&#8220;13&#8243;][\/vc_column][\/vc_row][vc_row][vc_column][vc_btn title=&#8220;Alle News&#8220; align=&#8220;center&#8220; link=&#8220;url:%2Fde%2Faktuelles%2F&#8220; el_class=&#8220;cta-btn&#8220;][\/vc_column][\/vc_row][\/vc_section]<\/p>\n<\/div>","protected":false},"excerpt":{"rendered":"<p>[vc_section full_width=&#8220;stretch_row&#8220; el_id=&#8220;intro&#8220; css=&#8220;.vc_custom_1698666611531{background: #95c11f url(\/wp-content\/uploads\/2023\/10\/Group-774.png?id=316) !important;}&#8220;][vc_row][vc_column width=&#8220;1\/2&#8243;][\/vc_column][vc_column width=&#8220;1\/2&#8243;][vc_column_text] Mersch Ing\u00e9nieurs-Paysagistes [\/vc_column_text][vc_column_text css=&#8220;.vc_custom_1698667047876{margin-bottom: 0px !important;}&#8220; el_id=&#8220;intro-text&#8220;]Das B\u00fcro Mersch Ing\u00e9nieurs-Paysagistes SARL hat fast 300 Realisierungen und Studien<span class=\"excerpt-hellip\"> [\u2026]<\/span><\/p>\n","protected":false},"author":1,"featured_media":0,"parent":0,"menu_order":0,"comment_status":"closed","ping_status":"closed","template":"","meta":{"footnotes":""},"class_list":["post-324","page","type-page","status-publish","hentry"],"yoast_head":"<!-- This site is optimized with the Yoast SEO plugin v21.4 - https:\/\/yoast.com\/wordpress\/plugins\/seo\/ -->\n<title>Home - Carlo Mersch<\/title>\n<meta name=\"robots\" content=\"noindex, follow, max-snippet:-1, max-image-preview:large, max-video-preview:-1\" \/>\n<meta property=\"og:locale\" content=\"de_DE\" \/>\n<meta property=\"og:type\" content=\"article\" \/>\n<meta property=\"og:title\" content=\"Home - Carlo Mersch\" \/>\n<meta property=\"og:description\" content=\"[vc_section full_width=&#8220;stretch_row&#8220; el_id=&#8220;intro&#8220; css=&#8220;.vc_custom_1698666611531{background: #95c11f url(\/wp-content\/uploads\/2023\/10\/Group-774.png?id=316) !important;}&#8220;][vc_row][vc_column width=&#8220;1\/2&#8243;][\/vc_column][vc_column width=&#8220;1\/2&#8243;][vc_column_text] Mersch Ing\u00e9nieurs-Paysagistes [\/vc_column_text][vc_column_text css=&#8220;.vc_custom_1698667047876{margin-bottom: 0px !important;}&#8220; el_id=&#8220;intro-text&#8220;]Das B\u00fcro Mersch Ing\u00e9nieurs-Paysagistes SARL hat fast 300 Realisierungen und Studien [\u2026]\" \/>\n<meta property=\"og:url\" content=\"https:\/\/mersch.done-team.com\/de\/\" \/>\n<meta property=\"og:site_name\" content=\"Carlo Mersch\" \/>\n<meta property=\"article:modified_time\" content=\"2023-11-30T11:23:34+00:00\" \/>\n<meta name=\"twitter:card\" content=\"summary_large_image\" \/>\n<meta name=\"twitter:label1\" content=\"Gesch\u00e4tzte Lesezeit\" \/>\n\t<meta name=\"twitter:data1\" content=\"1\u00a0Minute\" \/>\n<script type=\"application\/ld+json\" class=\"yoast-schema-graph\">{\"@context\":\"https:\/\/schema.org\",\"@graph\":[{\"@type\":\"WebPage\",\"@id\":\"https:\/\/mersch.done-team.com\/de\/\",\"url\":\"https:\/\/mersch.done-team.com\/de\/\",\"name\":\"Home - Carlo Mersch\",\"isPartOf\":{\"@id\":\"https:\/\/mersch.done-team.com\/#website\"},\"datePublished\":\"2023-10-30T08:16:28+00:00\",\"dateModified\":\"2023-11-30T11:23:34+00:00\",\"breadcrumb\":{\"@id\":\"https:\/\/mersch.done-team.com\/de\/#breadcrumb\"},\"inLanguage\":\"de\",\"potentialAction\":[{\"@type\":\"ReadAction\",\"target\":[\"https:\/\/mersch.done-team.com\/de\/\"]}]},{\"@type\":\"BreadcrumbList\",\"@id\":\"https:\/\/mersch.done-team.com\/de\/#breadcrumb\",\"itemListElement\":[{\"@type\":\"ListItem\",\"position\":1,\"name\":\"Home\",\"item\":\"https:\/\/mersch.done-team.com\/de\/\"},{\"@type\":\"ListItem\",\"position\":2,\"name\":\"Home\"}]},{\"@type\":\"WebSite\",\"@id\":\"https:\/\/mersch.done-team.com\/#website\",\"url\":\"https:\/\/mersch.done-team.com\/\",\"name\":\"Carlo Mersch\",\"description\":\"\",\"inLanguage\":\"de\"}]}<\/script>\n<!-- \/ Yoast SEO plugin. -->","yoast_head_json":{"title":"Home - Carlo Mersch","robots":{"index":"noindex","follow":"follow","max-snippet":"max-snippet:-1","max-image-preview":"max-image-preview:large","max-video-preview":"max-video-preview:-1"},"og_locale":"de_DE","og_type":"article","og_title":"Home - Carlo Mersch","og_description":"[vc_section full_width=&#8220;stretch_row&#8220; el_id=&#8220;intro&#8220; css=&#8220;.vc_custom_1698666611531{background: #95c11f url(\/wp-content\/uploads\/2023\/10\/Group-774.png?id=316) !important;}&#8220;][vc_row][vc_column width=&#8220;1\/2&#8243;][\/vc_column][vc_column width=&#8220;1\/2&#8243;][vc_column_text] Mersch Ing\u00e9nieurs-Paysagistes [\/vc_column_text][vc_column_text css=&#8220;.vc_custom_1698667047876{margin-bottom: 0px !important;}&#8220; el_id=&#8220;intro-text&#8220;]Das B\u00fcro Mersch Ing\u00e9nieurs-Paysagistes SARL hat fast 300 Realisierungen und Studien [\u2026]","og_url":"https:\/\/mersch.done-team.com\/de\/","og_site_name":"Carlo Mersch","article_modified_time":"2023-11-30T11:23:34+00:00","twitter_card":"summary_large_image","twitter_misc":{"Gesch\u00e4tzte Lesezeit":"1\u00a0Minute"},"schema":{"@context":"https:\/\/schema.org","@graph":[{"@type":"WebPage","@id":"https:\/\/mersch.done-team.com\/de\/","url":"https:\/\/mersch.done-team.com\/de\/","name":"Home - Carlo Mersch","isPartOf":{"@id":"https:\/\/mersch.done-team.com\/#website"},"datePublished":"2023-10-30T08:16:28+00:00","dateModified":"2023-11-30T11:23:34+00:00","breadcrumb":{"@id":"https:\/\/mersch.done-team.com\/de\/#breadcrumb"},"inLanguage":"de","potentialAction":[{"@type":"ReadAction","target":["https:\/\/mersch.done-team.com\/de\/"]}]},{"@type":"BreadcrumbList","@id":"https:\/\/mersch.done-team.com\/de\/#breadcrumb","itemListElement":[{"@type":"ListItem","position":1,"name":"Home","item":"https:\/\/mersch.done-team.com\/de\/"},{"@type":"ListItem","position":2,"name":"Home"}]},{"@type":"WebSite","@id":"https:\/\/mersch.done-team.com\/#website","url":"https:\/\/mersch.done-team.com\/","name":"Carlo Mersch","description":"","inLanguage":"de"}]}},"_links":{"self":[{"href":"https:\/\/mersch.done-team.com\/de\/wp-json\/wp\/v2\/pages\/324","targetHints":{"allow":["GET"]}}],"collection":[{"href":"https:\/\/mersch.done-team.com\/de\/wp-json\/wp\/v2\/pages"}],"about":[{"href":"https:\/\/mersch.done-team.com\/de\/wp-json\/wp\/v2\/types\/page"}],"author":[{"embeddable":true,"href":"https:\/\/mersch.done-team.com\/de\/wp-json\/wp\/v2\/users\/1"}],"replies":[{"embeddable":true,"href":"https:\/\/mersch.done-team.com\/de\/wp-json\/wp\/v2\/comments?post=324"}],"version-history":[{"count":3,"href":"https:\/\/mersch.done-team.com\/de\/wp-json\/wp\/v2\/pages\/324\/revisions"}],"predecessor-version":[{"id":1059,"href":"https:\/\/mersch.done-team.com\/de\/wp-json\/wp\/v2\/pages\/324\/revisions\/1059"}],"wp:attachment":[{"href":"https:\/\/mersch.done-team.com\/de\/wp-json\/wp\/v2\/media?parent=324"}],"curies":[{"name":"wp","href":"https:\/\/api.w.org\/{rel}","templated":true}]}}